{"id":4420,"date":"2019-11-25T15:35:43","date_gmt":"2019-11-25T18:35:43","guid":{"rendered":"http:\/\/ubuntu18-level\/hotelregis.com.ar\/?page_id=4420"},"modified":"2021-01-12T16:30:01","modified_gmt":"2021-01-12T19:30:01","slug":"contato","status":"publish","type":"page","link":"https:\/\/hotelelcabildo.com\/index.php\/pt\/contato\/","title":{"rendered":"Contato"},"content":{"rendered":"\t\t<div data-elementor-type=\"wp-post\" data-elementor-id=\"4420\" class=\"elementor elementor-4420\">\n\t\t\t\t\t\t<section class=\"elementor-section elementor-top-section elementor-element elementor-element-ec0cf31 elementor-section-boxed elementor-section-height-default elementor-section-height-default\" data-id=\"ec0cf31\" data-element_type=\"section\">\n\t\t\t\t\t\t<div class=\"elementor-container elementor-column-gap-default\">\n\t\t\t\t\t<div class=\"elementor-column elementor-col-50 elementor-top-column elementor-element elementor-element-c80bdb9\" data-id=\"c80bdb9\" data-element_type=\"column\">\n\t\t\t<div class=\"elementor-widget-wrap elementor-element-populated\">\n\t\t\t\t\t\t<div class=\"elementor-element elementor-element-f86be37 elementor-widget elementor-widget-thim-icon-box\" data-id=\"f86be37\" data-element_type=\"widget\" data-widget_type=\"thim-icon-box.default\">\n\t\t\t\t<div class=\"elementor-widget-container\">\n\t\t\t<div class=\"inner-box auto-hidden\"><div  class=\"wrapper-box-icon text-center   wrapper-line-heading\" ><div class=\"smicon-box iconbox-top\"><div class=\"content-inner\" ><div class=\"sc-heading article_heading\"><h2 class = \"heading__primary\" >Hotel El Cabildo<\/h2><span class=\"line-heading\"><span><\/span><\/span><\/div><div class=\"desc-icon-box\"><div style=\"font-weight: 300;\">Os esperamos<\/div><\/div><\/div><\/div><!--end smicon-box--><\/div><\/div>\t\t<\/div>\n\t\t\t\t<\/div>\n\t\t\t\t<div class=\"elementor-element elementor-element-c7ad57a elementor-widget elementor-widget-thim-icon-box\" data-id=\"c7ad57a\" data-element_type=\"widget\" data-widget_type=\"thim-icon-box.default\">\n\t\t\t\t<div class=\"elementor-widget-container\">\n\t\t\t<div class=\"inner-box auto-hidden\"><div  class=\"wrapper-box-icon text-center  \" ><div class=\"smicon-box iconbox-top\"><div class=\"boxes-icon\" style=\"width: 80px;height: 80px;\"><span class=\"inner-icon\"><span class=\"icon\"><i class=\"fa fa-map-marker\" style=\"color:#1ebea5; font-size:40px; line-height:40px; vertical-align: middle;\"><\/i><\/span><\/span><\/div><div class=\"content-inner\" ><div class=\"desc-icon-box\"><div style=\"font-size: 18px;font-weight: normal;line-height: 25px;\">Lavalle 748<br>C1019ABF, C.A.B.A., <br>Argentina<\/div><\/div><\/div><\/div><!--end smicon-box--><\/div><\/div>\t\t<\/div>\n\t\t\t\t<\/div>\n\t\t\t\t<div class=\"elementor-element elementor-element-e80f845 elementor-widget elementor-widget-thim-icon-box\" data-id=\"e80f845\" data-element_type=\"widget\" data-widget_type=\"thim-icon-box.default\">\n\t\t\t\t<div class=\"elementor-widget-container\">\n\t\t\t<div class=\"inner-box auto-hidden\"><div  class=\"wrapper-box-icon text-center  \" ><div class=\"smicon-box iconbox-top\"><div class=\"content-inner\" ><div class=\"desc-icon-box\"><div style=\"font-weight: normal;\">Tel: <a href=\"tel:(+5411) 4322 6695\" class=\"value\"><b>+54 11 4322 6695<\/b><\/a><br \/>\nEmail: <a href=\"mailto:reservas@hotelelcabildo.com\"><b>reservas@hotelelcabildo.com<\/b><\/a><\/div><\/div><\/div><\/div><!--end smicon-box--><\/div><\/div>\t\t<\/div>\n\t\t\t\t<\/div>\n\t\t\t\t<div class=\"elementor-element elementor-element-9f7be0e text-center elementor-widget elementor-widget-thim-social\" data-id=\"9f7be0e\" data-element_type=\"widget\" data-widget_type=\"thim-social.default\">\n\t\t\t\t<div class=\"elementor-widget-container\">\n\t\t\t<div class=\"thim-social version-new\">\n\t<h3 class=\"widget-title\">Estamos nas redes<\/h3>\t<ul class=\"social_link\">\n\t\t<li><a class=\"tripadvisor hasTooltip\"  href=\"https:\/\/www.tripadvisor.com.ar\/Hotel_Review-g312741-d1131532-Reviews-Hotel_El_Cabildo-Buenos_Aires_Capital_Federal_District.html\" target=\"_self\"><i class=\"fa fa-tripadvisor\"><\/i><\/a><\/li><li><a class=\"facebook hasTooltip\"  href=\"https:\/\/www.facebook.com\/HotelElCabildo?ref=hl\" target=\"_self\"><i class=\"fa fa-facebook\"><\/i><\/a><\/li><li><a class=\"instagram hasTooltip\"  href=\"#\" target=\"_self\"><i class=\"fa fa-instagram\"><\/i><\/a><\/li>\t<\/ul>\n<\/div>\t\t<\/div>\n\t\t\t\t<\/div>\n\t\t\t\t\t<\/div>\n\t\t<\/div>\n\t\t\t\t<div class=\"elementor-column elementor-col-50 elementor-top-column elementor-element elementor-element-af774d1\" data-id=\"af774d1\" data-element_type=\"column\">\n\t\t\t<div class=\"elementor-widget-wrap elementor-element-populated\">\n\t\t\t\t\t\t<div class=\"elementor-element elementor-element-0a1832d elementor-widget elementor-widget-thim-icon-box\" data-id=\"0a1832d\" data-element_type=\"widget\" data-widget_type=\"thim-icon-box.default\">\n\t\t\t\t<div class=\"elementor-widget-container\">\n\t\t\t<div class=\"inner-box auto-hidden\"><div  class=\"wrapper-box-icon text-center   wrapper-line-heading\" ><div class=\"smicon-box iconbox-top\"><div class=\"content-inner\" ><div class=\"sc-heading article_heading\"><h2 class = \"heading__primary\" >Envie-nos uma mensagem<\/h2><span class=\"line-heading\"><span><\/span><\/span><\/div><div class=\"desc-icon-box\"><div style=\"font-weight: normal;\">Voc\u00ea tem perguntas ou coment\u00e1rios para nos contar?<br>N\u00e3o hesite em nos contatar atrav\u00e9s do nosso formul\u00e1rio de contato.<\/div><\/div><\/div><\/div><!--end smicon-box--><\/div><\/div>\t\t<\/div>\n\t\t\t\t<\/div>\n\t\t\t\t<div class=\"elementor-element elementor-element-c8407eb elementor-widget elementor-widget-shortcode\" data-id=\"c8407eb\" data-element_type=\"widget\" data-widget_type=\"shortcode.default\">\n\t\t\t\t<div class=\"elementor-widget-container\">\n\t\t\t\t\t<div class=\"elementor-shortcode\">\n<div class=\"wpcf7 no-js\" id=\"wpcf7-f5169-o1\" lang=\"en-US\" dir=\"ltr\">\n<div class=\"screen-reader-response\"><p role=\"status\" aria-live=\"polite\" aria-atomic=\"true\"><\/p> <ul><\/ul><\/div>\n<form action=\"\/index.php\/wp-json\/wp\/v2\/pages\/4420#wpcf7-f5169-o1\" method=\"post\" class=\"wpcf7-form init\" aria-label=\"Contact form\" novalidate=\"novalidate\" data-status=\"init\">\n<div style=\"display: none;\">\n<input type=\"hidden\" name=\"_wpcf7\" value=\"5169\" \/>\n<input type=\"hidden\" name=\"_wpcf7_version\" value=\"5.9.7\" \/>\n<input type=\"hidden\" name=\"_wpcf7_locale\" value=\"en_US\" \/>\n<input type=\"hidden\" name=\"_wpcf7_unit_tag\" value=\"wpcf7-f5169-o1\" \/>\n<input type=\"hidden\" name=\"_wpcf7_container_post\" value=\"0\" \/>\n<input type=\"hidden\" name=\"_wpcf7_posted_data_hash\" value=\"\" \/>\n<input type=\"hidden\" name=\"_wpcf7_recaptcha_response\" value=\"\" \/>\n<\/div>\n<div class=\"row\">\n\t<div class=\"col-sm-6\">\n\t\t<p><span class=\"wpcf7-form-control-wrap\" data-name=\"your-name\"><input size=\"40\" maxlength=\"400\" class=\"wpcf7-form-control wpcf7-text wpcf7-validates-as-required\" aria-required=\"true\" aria-invalid=\"false\" placeholder=\"Nome completo *\" value=\"\" type=\"text\" name=\"your-name\" \/><\/span>\n\t\t<\/p>\n\t<\/div>\n\t<div class=\"col-sm-6\">\n\t\t<p><span class=\"wpcf7-form-control-wrap\" data-name=\"your-email\"><input size=\"40\" maxlength=\"400\" class=\"wpcf7-form-control wpcf7-email wpcf7-validates-as-required wpcf7-text wpcf7-validates-as-email\" aria-required=\"true\" aria-invalid=\"false\" placeholder=\"Seu Email *\" value=\"\" type=\"email\" name=\"your-email\" \/><\/span>\n\t\t<\/p>\n\t<\/div>\n<\/div>\n<div class=\"row\">\n\t<div class=\"col-sm-12\">\n\t\t<div style=\"text-align:left;\">\n\t\t\t<p>Assunto\n\t\t\t<\/p>\n\t\t<\/div>\n\t\t<p><span class=\"wpcf7-form-control-wrap\" data-name=\"your-subject\"><select class=\"wpcf7-form-control wpcf7-select wpcf7-validates-as-required\" aria-required=\"true\" aria-invalid=\"false\" name=\"your-subject\"><option value=\"\">&#8212;Please choose an option&#8212;<\/option><option value=\"Reservas\">Reservas<\/option><option value=\"Quest\u00f5es gerais\">Quest\u00f5es gerais<\/option><option value=\"Servi\u00e7os\">Servi\u00e7os<\/option><\/select><\/span>\n\t\t<\/p>\n\t<\/div>\n<\/div>\n<div class=\"row\">\n\t<div class=\"col-sm-12\">\n\t\t<p><span class=\"wpcf7-form-control-wrap\" data-name=\"your-message\"><textarea cols=\"40\" rows=\"10\" maxlength=\"2000\" class=\"wpcf7-form-control wpcf7-textarea wpcf7-validates-as-required\" aria-required=\"true\" aria-invalid=\"false\" placeholder=\"Sua mensagem *\" name=\"your-message\"><\/textarea><\/span>\n\t\t<\/p>\n\t<\/div>\n<\/div>\n<p><input class=\"wpcf7-form-control wpcf7-submit has-spinner\" type=\"submit\" value=\"Enviar\" \/>\n<\/p><div class=\"wpcf7-response-output\" aria-hidden=\"true\"><\/div>\n<\/form>\n<\/div>\n<\/div>\n\t\t\t\t<\/div>\n\t\t\t\t<\/div>\n\t\t\t\t\t<\/div>\n\t\t<\/div>\n\t\t\t\t\t<\/div>\n\t\t<\/section>\n\t\t\t\t<section class=\"elementor-section elementor-top-section elementor-element elementor-element-3ca9185 elementor-section-boxed elementor-section-height-default elementor-section-height-default\" data-id=\"3ca9185\" data-element_type=\"section\">\n\t\t\t\t\t\t<div class=\"elementor-container elementor-column-gap-default\">\n\t\t\t\t\t<div class=\"elementor-column elementor-col-100 elementor-top-column elementor-element elementor-element-4296741\" data-id=\"4296741\" data-element_type=\"column\">\n\t\t\t<div class=\"elementor-widget-wrap elementor-element-populated\">\n\t\t\t\t\t\t<div class=\"elementor-element elementor-element-9965fdc elementor-widget elementor-widget-html\" data-id=\"9965fdc\" data-element_type=\"widget\" data-widget_type=\"html.default\">\n\t\t\t\t<div class=\"elementor-widget-container\">\n\t\t\t<div style=\"width: 100%\"><iframe width=\"100%\" height=\"600\" src=\"https:\/\/maps.google.com\/maps?width=100%&height=600&hl=en&q=Lavalle%20748%20Ciudad%20Autonoma%20de%20Buenos%20Aires+(Hotel%20Regis)&ie=UTF8&t=&z=14&iwloc=A&output=embed\" frameborder=\"0\" scrolling=\"no\" marginheight=\"0\" marginwidth=\"0\"><a href=\"https:\/\/www.mapsdirections.info\/en\/journey-planner.htm\">Map Directions<\/a><\/iframe><\/div><br \/>\t\t<\/div>\n\t\t\t\t<\/div>\n\t\t\t\t\t<\/div>\n\t\t<\/div>\n\t\t\t\t\t<\/div>\n\t\t<\/section>\n\t\t\t\t<section class=\"elementor-section elementor-top-section elementor-element elementor-element-fba7e56 elementor-section-boxed elementor-section-height-default elementor-section-height-default\" data-id=\"fba7e56\" data-element_type=\"section\">\n\t\t\t\t\t\t<div class=\"elementor-container elementor-column-gap-default\">\n\t\t\t\t\t<div class=\"elementor-column elementor-col-100 elementor-top-column elementor-element elementor-element-8dc3c76\" data-id=\"8dc3c76\" data-element_type=\"column\">\n\t\t\t<div class=\"elementor-widget-wrap elementor-element-populated\">\n\t\t\t\t\t\t<div class=\"elementor-element elementor-element-8301f9e elementor-widget elementor-widget-thim-icon-box\" data-id=\"8301f9e\" data-element_type=\"widget\" data-widget_type=\"thim-icon-box.default\">\n\t\t\t\t<div class=\"elementor-widget-container\">\n\t\t\t<div class=\"inner-box auto-hidden\"><div  class=\"wrapper-box-icon text-left   wrapper-line-heading\" ><div class=\"smicon-box iconbox-left\"><div class=\"boxes-icon\" style=\"width: 50px;height: 50px;\"><span class=\"inner-icon\"><span class=\"icon\"><i class=\"fa fa-location-arrow\" style=\"color:#1ebea5; font-size:50px; line-height:50px; vertical-align: middle;\"><\/i><\/span><\/span><\/div><div class=\"content-inner\"  style=\"width: calc( 100% - 50px - 15px);\"><div class=\"sc-heading article_heading\"><h3 class = \"heading__primary\" >Como chegar?<\/h3><span class=\"line-heading\"><span><\/span><\/span><\/div><\/div><\/div><!--end smicon-box--><\/div><\/div>\t\t<\/div>\n\t\t\t\t<\/div>\n\t\t\t\t<div class=\"elementor-element elementor-element-e925872 elementor-widget elementor-widget-text-editor\" data-id=\"e925872\" data-element_type=\"widget\" data-widget_type=\"text-editor.default\">\n\t\t\t\t<div class=\"elementor-widget-container\">\n\t\t\t\t\t\t\t<ul><li style=\"list-style-type: none;\"><ul><li>Do\u00a0<a href=\"http:\/\/www.aa2000.com.ar\/aeroparque\" target=\"_blank\" rel=\"noopener\"><b>Aeroporto Internacional Jorge Newbery<\/b><\/a> (9 Km. aprox.)<ul><li><a href=\"https:\/\/goo.gl\/maps\/R2Y7evvWerBPLg4N7\" target=\"_blank\" rel=\"noopener\">Taxi\u00a0<\/a>(25 min. dependendo do tr\u00e1fego)<\/li><li><a href=\"https:\/\/goo.gl\/maps\/XhXpi3wyjQtz33G89\" target=\"_blank\" rel=\"noopener\">Public transportation<\/a>\u00a0(1 hora 20 min. dependendo do tr\u00e1fego)<\/li><\/ul><\/li><li>Do\u00a0<b><a href=\"http:\/\/www.aa2000.com.ar\/ezeiza\" target=\"_blank\" rel=\"noopener\">Aeroporto Internacional Ezeiza<\/a><\/b> (33 Km. aprox.)<ul><li><a href=\"https:\/\/goo.gl\/maps\/pjLAR5GGoJcQFVYw7\" target=\"_blank\" rel=\"noopener\">Taxi\u00a0<\/a>(40 min. dependendo do tr\u00e1fego)<\/li><li><a href=\"https:\/\/goo.gl\/maps\/DTGtMsc1GJWaCV1S9\" target=\"_blank\" rel=\"noopener\">Public transportation<\/a>\u00a0(3 hs. dependendo do tr\u00e1fego)<\/li><\/ul><\/li><li>Do\u00a0<b>Terminal do \u00d4nibus Retiro<\/b>\u00a0(3.3 Km. aprox.)<ul><li><a href=\"https:\/\/goo.gl\/maps\/3PtrY3ELuAxptehHA\" target=\"_blank\" rel=\"noopener\">Taxi\u00a0<\/a>(15 min. dependendo do tr\u00e1fego)<\/li><li><a href=\"https:\/\/goo.gl\/maps\/bpZ62wrNX48HbDiw9\" target=\"_blank\" rel=\"noopener\">Public transportation<\/a>\u00a0(40 min. aprox. dependendo do tr\u00e1fego)<\/li><\/ul><\/li><\/ul><\/li><\/ul>\t\t\t\t\t\t<\/div>\n\t\t\t\t<\/div>\n\t\t\t\t\t<\/div>\n\t\t<\/div>\n\t\t\t\t\t<\/div>\n\t\t<\/section>\n\t\t\t\t<\/div>\n\t\t","protected":false},"excerpt":{"rendered":"<p>Hotel El Cabildo<br \/>\nOs esperamos<br \/>\n\t\t\tLavalle 748C1019ABF, C.A.B.A., Argentina<br \/>\n\t\t\tTel: +54 11 4322 6695<br \/>\nEmail: reservas@hotelelcabildo.com\t\t<br \/>\nEstamos nas redes<\/p>\n<p>Envie-nos uma mensagem<br \/>\nVoc\u00ea tem perguntas ou coment\u00e1rios para nos contar?N\u00e3o hesite em nos contatar atrav\u00e9s do nosso formul\u00e1rio de contato.\t\t<br \/>\n\t\t\tMap Directions\t\t<br \/>\nComo chegar?<\/p>\n<p>\nDo\u00a0Aeroporto Internacional <\/p>\n","protected":false},"author":1,"featured_media":0,"parent":0,"menu_order":0,"comment_status":"closed","ping_status":"closed","template":"","meta":{"_joinchat":[],"footnotes":""},"class_list":["post-4420","page","type-page","status-publish","hentry"],"_links":{"self":[{"href":"https:\/\/hotelelcabildo.com\/index.php\/wp-json\/wp\/v2\/pages\/4420"}],"collection":[{"href":"https:\/\/hotelelcabildo.com\/index.php\/wp-json\/wp\/v2\/pages"}],"about":[{"href":"https:\/\/hotelelcabildo.com\/index.php\/wp-json\/wp\/v2\/types\/page"}],"author":[{"embeddable":true,"href":"https:\/\/hotelelcabildo.com\/index.php\/wp-json\/wp\/v2\/users\/1"}],"replies":[{"embeddable":true,"href":"https:\/\/hotelelcabildo.com\/index.php\/wp-json\/wp\/v2\/comments?post=4420"}],"version-history":[{"count":0,"href":"https:\/\/hotelelcabildo.com\/index.php\/wp-json\/wp\/v2\/pages\/4420\/revisions"}],"wp:attachment":[{"href":"https:\/\/hotelelcabildo.com\/index.php\/wp-json\/wp\/v2\/media?parent=4420"}],"curies":[{"name":"wp","href":"https:\/\/api.w.org\/{rel}","templated":true}]}}