{"id":4759,"date":"2020-01-23T18:35:54","date_gmt":"2020-01-23T21:35:54","guid":{"rendered":"http:\/\/ubuntu18-level\/hotelregis.com.ar\/?page_id=4759"},"modified":"2020-05-29T14:37:48","modified_gmt":"2020-05-29T17:37:48","slug":"sobre-nos","status":"publish","type":"page","link":"https:\/\/hotelelcabildo.com\/index.php\/pt\/sobre-nos\/","title":{"rendered":"Sobre n\u00f3s"},"content":{"rendered":"\t\t<div data-elementor-type=\"wp-page\" data-elementor-id=\"4759\" class=\"elementor elementor-4759\">\n\t\t\t\t\t\t<section class=\"elementor-section elementor-top-section elementor-element elementor-element-49f3e8b7 elementor-section-boxed elementor-section-height-default elementor-section-height-default\" data-id=\"49f3e8b7\" data-element_type=\"section\">\n\t\t\t\t\t\t<div class=\"elementor-container elementor-column-gap-default\">\n\t\t\t\t\t<div class=\"elementor-column elementor-col-100 elementor-top-column elementor-element elementor-element-10f5aef9\" data-id=\"10f5aef9\" data-element_type=\"column\">\n\t\t\t<div class=\"elementor-widget-wrap elementor-element-populated\">\n\t\t\t\t\t\t<div class=\"elementor-element elementor-element-2a890cc3 elementor-widget elementor-widget-text-editor\" data-id=\"2a890cc3\" data-element_type=\"widget\" data-widget_type=\"text-editor.default\">\n\t\t\t\t<div class=\"elementor-widget-container\">\n\t\t\t\t\t\t\t<h3> Hotel El Cabildo, no cora\u00e7\u00e3o de Buenos Aires <\/h3>\nLocalizado no m\u00edtico e tradicional pedestre Lavalle, a poucos metros da rua Florida e da Avenida Corrientes, onde voc\u00ea pode desfrutar de cinemas, restaurantes, passeios comerciais e onde funciona a atividade financeira e banc\u00e1ria da cidade.\n<br><br>\nO Hotel El Cabildo oferece uma rela\u00e7\u00e3o harmoniosa entre aten\u00e7\u00e3o, conforto e servi\u00e7o.\n Est\u00e1 a um minuto a p\u00e9 da Esta\u00e7\u00e3o de Metr\u00f4 Lavalle, a 7 minutos a p\u00e9 da <a href=\"https:\/\/teatrocolon.org.ar\/\" target=\"_blank\" rel=\"noopener\"> <b> Teatro Col\u00f3n <\/b> <\/a> e a 10 minutos a p\u00e9 do hist\u00f3rico <a href=\"http:\/\/www.cafetortoni.com.ar\/\" target=\"_blank\" rel=\"noopener\"> <b> Caf\u00e9 Tortoni <\/b> <\/a>.\n<br><br>\nA alguns quarteir\u00f5es de dist\u00e2ncia, existem diferentes <a href=\"https:\/\/www.buenosaires.gob.ar\/subte\" target=\"_blank\" rel=\"noopener\"> linhas de metr\u00f4 <\/a> e \u00f4nibus que permitem mover-se facilmente e rapidamente na cidade.\n<br><br>\nNas proximidades, existem in\u00fameros restaurantes tradicionais e locais de entretenimento, como teatros, cinemas, lojas e centros culturais; Entre eles, o <a href=\"https:\/\/teatrocolon.org.ar\/es\" target=\"_blank\" rel=\"noopener\"> Teatro Col\u00f3n <\/a> e o <a href = \"https: \/\/ complexoteatral .gob.ar \/ \"target =\" _ blank \"rel =\" noopener \"> Teatro San Mart\u00edn <\/a>.\n<br><br>\nAl\u00e9m disso, a alguns minutos est\u00e3o os famosos bairros de <a href=\"https:\/\/www.buenosaires.gob.ar\/laciudad\/barrios\/santelmo\" target=\"_blank\" rel=\"noopener\"> San Telmo, <\/ a> <a href=\"https:\/\/www.buenosaires.gob.ar\/laciudad\/barrios\/laboca\" target=\"_blank\" rel=\"noopener\"> Caminito <\/a> e <a href = \"https: \/ \/www.buenosaires.gob.ar\/laciudad\/barrios\/puerto-madero \"target =\" _ blank \"rel =\" noopener \"> Puerto Madero <\/a>.\n<br><br>\nO hotel possui recep\u00e7\u00e3o 24 horas e atendimento personalizado permanente.\n<br><br>\nEst\u00e1 dispon\u00edvel estacionamento p\u00fablico nas imedia\u00e7\u00f5es da propriedade, mediante um custo adicional.\n<br><br>\nIngressos para shows, excurs\u00f5es e outros servi\u00e7os podem ser adquiridos no balc\u00e3o de turismo.\t\t\t\t\t\t<\/div>\n\t\t\t\t<\/div>\n\t\t\t\t\t<\/div>\n\t\t<\/div>\n\t\t\t\t\t<\/div>\n\t\t<\/section>\n\t\t\t\t<section class=\"elementor-section elementor-top-section elementor-element elementor-element-29b9874 elementor-section-boxed elementor-section-height-default elementor-section-height-default\" data-id=\"29b9874\" data-element_type=\"section\">\n\t\t\t\t\t\t<div class=\"elementor-container elementor-column-gap-default\">\n\t\t\t\t\t<div class=\"elementor-column elementor-col-100 elementor-top-column elementor-element elementor-element-3a21d30\" data-id=\"3a21d30\" data-element_type=\"column\">\n\t\t\t<div class=\"elementor-widget-wrap elementor-element-populated\">\n\t\t\t\t\t\t<div class=\"elementor-element elementor-element-c9f23db elementor-widget-divider--separator-type-pattern elementor-widget-divider--view-line elementor-widget elementor-widget-divider\" data-id=\"c9f23db\" data-element_type=\"widget\" data-widget_type=\"divider.default\">\n\t\t\t\t<div class=\"elementor-widget-container\">\n\t\t\t\t\t<div class=\"elementor-divider\" style=\"--divider-pattern-url: url(&quot;data:image\/svg+xml,%3Csvg xmlns=&#039;http:\/\/www.w3.org\/2000\/svg&#039; preserveAspectRatio=&#039;none&#039; overflow=&#039;visible&#039; height=&#039;100%&#039; viewBox=&#039;0 0 24 24&#039; fill=&#039;none&#039; stroke=&#039;black&#039; stroke-width=&#039;1&#039; stroke-linecap=&#039;square&#039; stroke-miterlimit=&#039;10&#039;%3E%3Cpolyline points=&#039;0,18 12,6 24,18 &#039;\/%3E%3C\/svg%3E&quot;);\">\n\t\t\t<span class=\"elementor-divider-separator\">\n\t\t\t\t\t\t<\/span>\n\t\t<\/div>\n\t\t\t\t<\/div>\n\t\t\t\t<\/div>\n\t\t\t\t\t<\/div>\n\t\t<\/div>\n\t\t\t\t\t<\/div>\n\t\t<\/section>\n\t\t\t\t<section class=\"elementor-section elementor-top-section elementor-element elementor-element-31ee85a elementor-section-boxed elementor-section-height-default elementor-section-height-default\" data-id=\"31ee85a\" data-element_type=\"section\">\n\t\t\t\t\t\t<div class=\"elementor-container elementor-column-gap-default\">\n\t\t\t\t\t<div class=\"elementor-column elementor-col-100 elementor-top-column elementor-element elementor-element-efe5c7e\" data-id=\"efe5c7e\" data-element_type=\"column\">\n\t\t\t<div class=\"elementor-widget-wrap elementor-element-populated\">\n\t\t\t\t\t\t<div class=\"elementor-element elementor-element-79678f4 elementor-widget elementor-widget-heading\" data-id=\"79678f4\" data-element_type=\"widget\" data-widget_type=\"heading.default\">\n\t\t\t\t<div class=\"elementor-widget-container\">\n\t\t\t<h3 class=\"elementor-heading-title elementor-size-default\">O que fazer em Buenos Aires?<\/h3>\t\t<\/div>\n\t\t\t\t<\/div>\n\t\t\t\t\t<\/div>\n\t\t<\/div>\n\t\t\t\t\t<\/div>\n\t\t<\/section>\n\t\t\t\t<section class=\"elementor-section elementor-top-section elementor-element elementor-element-7269db3 elementor-section-boxed elementor-section-height-default elementor-section-height-default\" data-id=\"7269db3\" data-element_type=\"section\">\n\t\t\t\t\t\t<div class=\"elementor-container elementor-column-gap-default\">\n\t\t\t\t\t<div class=\"elementor-column elementor-col-50 elementor-top-column elementor-element elementor-element-902b730\" data-id=\"902b730\" data-element_type=\"column\">\n\t\t\t<div class=\"elementor-widget-wrap elementor-element-populated\">\n\t\t\t\t\t\t<div class=\"elementor-element elementor-element-906bcce elementor-widget elementor-widget-thim-icon-box\" data-id=\"906bcce\" data-element_type=\"widget\" data-widget_type=\"thim-icon-box.default\">\n\t\t\t\t<div class=\"elementor-widget-container\">\n\t\t\t<div class=\"inner-box auto-hidden\"><div  class=\"wrapper-box-icon has_custom_image has_read_more text-center box_shadow_icon \" ><div class=\"smicon-box iconbox-top\"><div class=\"boxes-icon\" ><span class=\"inner-icon\"><span class=\"icon icon-images\"><img decoding=\"async\" src=\"https:\/\/hotelelcabildo.com\/wp-content\/uploads\/2019\/12\/Regis-Hotel-Obelisco-BA-Centro-1.jpg\" alt=\"Hotel El Cabildo &#8211; Obelisk &#8211; BA &#8211; Centro\" title=\"Hotel El Cabildo &#8211; Obelisk &#8211; BA &#8211; Centro\" ><\/span><\/span><\/div><div class=\"content-inner\" ><div class=\"sc-heading article_heading\"><h3 class = \"heading__primary\" >Obelisco<br>(10 min.)<\/h3><\/div><div class=\"desc-icon-box\"><div style=\"font-size: 14px;font-weight: 300;line-height: 21px;\">O Obelisco \u00e9, em todo o mundo, o maior emblema da cidade e de seus habitantes. Inaugurado em 1936.<br>&#160;<br>&#160;<br>&#160;<\/div><a class=\"smicon-read sc-btn\" href=\"http:\/\/hotelelcabildo.com\/index.php\/pt\/2020\/01\/28\/obelisco-de-buenos-aires\/\"  >Saber mais<\/a><\/div><\/div><\/div><!--end smicon-box--><\/div><\/div>\t\t<\/div>\n\t\t\t\t<\/div>\n\t\t\t\t\t<\/div>\n\t\t<\/div>\n\t\t\t\t<div class=\"elementor-column elementor-col-50 elementor-top-column elementor-element elementor-element-0c65c30\" data-id=\"0c65c30\" data-element_type=\"column\">\n\t\t\t<div class=\"elementor-widget-wrap elementor-element-populated\">\n\t\t\t\t\t\t<div class=\"elementor-element elementor-element-a5dd4e8 elementor-widget elementor-widget-thim-icon-box\" data-id=\"a5dd4e8\" data-element_type=\"widget\" data-widget_type=\"thim-icon-box.default\">\n\t\t\t\t<div class=\"elementor-widget-container\">\n\t\t\t<div class=\"inner-box auto-hidden\"><div  class=\"wrapper-box-icon has_custom_image has_read_more text-center box_shadow_icon \" ><div class=\"smicon-box iconbox-top\"><div class=\"boxes-icon\" ><span class=\"inner-icon\"><span class=\"icon icon-images\"><img decoding=\"async\" src=\"https:\/\/hotelelcabildo.com\/wp-content\/uploads\/2020\/04\/PalacioLegislativo-e1586370182448.jpg\" alt=\"Congresso da Na\u00e7\u00e3o Argentina\" title=\"Congresso da Na\u00e7\u00e3o Argentina\" ><\/span><\/span><\/div><div class=\"content-inner\" ><div class=\"sc-heading article_heading\"><h3 class = \"heading__primary\" >Congreso<br>(15 min.)<\/h3><\/div><div class=\"desc-icon-box\"><div style=\"font-size: 14px;font-weight: 300;line-height: 21px;\">O Congresso da Na\u00e7\u00e3o Argentina \u00e9 o \u00f3rg\u00e3o que exerce o poder legislativo federal da Rep\u00fablica Argentina. \u00c9 respons\u00e1vel pela forma\u00e7\u00e3o e san\u00e7\u00e3o das leis federais.<br>&#160;<\/div><a class=\"smicon-read sc-btn\" href=\"http:\/\/hotelelcabildo.com\/index.php\/pt\/2020\/01\/28\/congreso-nacao-argentina\/\"  >Saber mais<\/a><\/div><\/div><\/div><!--end smicon-box--><\/div><\/div>\t\t<\/div>\n\t\t\t\t<\/div>\n\t\t\t\t\t<\/div>\n\t\t<\/div>\n\t\t\t\t\t<\/div>\n\t\t<\/section>\n\t\t\t\t<section class=\"elementor-section elementor-top-section elementor-element elementor-element-4f94d5f elementor-section-boxed elementor-section-height-default elementor-section-height-default\" data-id=\"4f94d5f\" data-element_type=\"section\">\n\t\t\t\t\t\t<div class=\"elementor-container elementor-column-gap-default\">\n\t\t\t\t\t<div class=\"elementor-column elementor-col-50 elementor-top-column elementor-element elementor-element-415c0ef\" data-id=\"415c0ef\" data-element_type=\"column\">\n\t\t\t<div class=\"elementor-widget-wrap elementor-element-populated\">\n\t\t\t\t\t\t<div class=\"elementor-element elementor-element-1274d03 elementor-widget elementor-widget-thim-icon-box\" data-id=\"1274d03\" data-element_type=\"widget\" data-widget_type=\"thim-icon-box.default\">\n\t\t\t\t<div class=\"elementor-widget-container\">\n\t\t\t<div class=\"inner-box auto-hidden\"><div  class=\"wrapper-box-icon has_custom_image has_read_more text-center box_shadow_icon \" ><div class=\"smicon-box iconbox-top\"><div class=\"boxes-icon\" ><span class=\"inner-icon\"><span class=\"icon icon-images\"><img decoding=\"async\" src=\"https:\/\/hotelelcabildo.com\/wp-content\/uploads\/2020\/01\/Hotel-Regis-Casa-Rosada.jpg\" alt=\"Hotel El Cabildo &#8211; Casa Rosada\" title=\"Hotel El Cabildo &#8211; Casa Rosada\" ><\/span><\/span><\/div><div class=\"content-inner\" ><div class=\"sc-heading article_heading\"><h3 class = \"heading__primary\" >Casa Rosada<br>(20 min.)<\/h3><\/div><div class=\"desc-icon-box\"><div style=\"font-size: 14px;font-weight: 300;line-height: 21px;\">A Casa Rosada \u00e9 o local onde est\u00e1 sediado o Poder Executivo da Rep\u00fablica Argentina.<br>&#160;<\/div><a class=\"smicon-read sc-btn\" href=\"http:\/\/hotelelcabildo.com\/index.php\/pt\/2020\/01\/28\/casa-rosada-2\/\"  >Saber mais<\/a><\/div><\/div><\/div><!--end smicon-box--><\/div><\/div>\t\t<\/div>\n\t\t\t\t<\/div>\n\t\t\t\t\t<\/div>\n\t\t<\/div>\n\t\t\t\t<div class=\"elementor-column elementor-col-50 elementor-top-column elementor-element elementor-element-4fea8a3\" data-id=\"4fea8a3\" data-element_type=\"column\">\n\t\t\t<div class=\"elementor-widget-wrap elementor-element-populated\">\n\t\t\t\t\t\t<div class=\"elementor-element elementor-element-802563b elementor-widget elementor-widget-thim-icon-box\" data-id=\"802563b\" data-element_type=\"widget\" data-widget_type=\"thim-icon-box.default\">\n\t\t\t\t<div class=\"elementor-widget-container\">\n\t\t\t<div class=\"inner-box auto-hidden\"><div  class=\"wrapper-box-icon has_custom_image has_read_more text-center box_shadow_icon \" ><div class=\"smicon-box iconbox-top\"><div class=\"boxes-icon\" ><span class=\"inner-icon\"><span class=\"icon icon-images\"><img decoding=\"async\" src=\"https:\/\/hotelelcabildo.com\/wp-content\/uploads\/2020\/04\/Cabildo-de-Buenos-Aires.png\" alt=\"Hotel EL Cabildo &#8211; Conselho do Buenos Aires\" title=\"Hotel EL Cabildo &#8211; Conselho do Buenos Aires\" ><\/span><\/span><\/div><div class=\"content-inner\" ><div class=\"sc-heading article_heading\"><h3 class = \"heading__primary\" >Conselho de Buenos Aires<br>(20 min.)<\/h3><\/div><div class=\"desc-icon-box\"><div style=\"font-size: 14px;font-weight: 300;line-height: 21px;\">Edif\u00edcio hist\u00f3rico argelino que testemunhou a Revolu\u00e7\u00e3o de Maio de 1810.<br>&#160;<\/div><a class=\"smicon-read sc-btn\" href=\"http:\/\/hotelelcabildo.com\/index.php\/pt\/2020\/01\/28\/conselho-buenos-aires\/\"  >Saber mais<\/a><\/div><\/div><\/div><!--end smicon-box--><\/div><\/div>\t\t<\/div>\n\t\t\t\t<\/div>\n\t\t\t\t\t<\/div>\n\t\t<\/div>\n\t\t\t\t\t<\/div>\n\t\t<\/section>\n\t\t\t\t<section class=\"elementor-section elementor-top-section elementor-element elementor-element-c2fd851 elementor-section-boxed elementor-section-height-default elementor-section-height-default\" data-id=\"c2fd851\" data-element_type=\"section\">\n\t\t\t\t\t\t<div class=\"elementor-container elementor-column-gap-default\">\n\t\t\t\t\t<div class=\"elementor-column elementor-col-50 elementor-top-column elementor-element elementor-element-c5bdee7\" data-id=\"c5bdee7\" data-element_type=\"column\">\n\t\t\t<div class=\"elementor-widget-wrap elementor-element-populated\">\n\t\t\t\t\t\t<div class=\"elementor-element elementor-element-8c5c24f elementor-widget elementor-widget-thim-icon-box\" data-id=\"8c5c24f\" data-element_type=\"widget\" data-widget_type=\"thim-icon-box.default\">\n\t\t\t\t<div class=\"elementor-widget-container\">\n\t\t\t<div class=\"inner-box auto-hidden\"><div  class=\"wrapper-box-icon has_custom_image has_read_more text-center box_shadow_icon \" ><div class=\"smicon-box iconbox-top\"><div class=\"boxes-icon\" ><span class=\"inner-icon\"><span class=\"icon icon-images\"><img decoding=\"async\" src=\"https:\/\/hotelelcabildo.com\/wp-content\/uploads\/2020\/04\/Galerias-Pacificos.jpg\" alt=\"Hotel EL Cabildo \u2013 Galer\u00edas Pac\u00edfico\" title=\"Hotel EL Cabildo \u2013 Galer\u00edas Pac\u00edfico\" ><\/span><\/span><\/div><div class=\"content-inner\" ><div class=\"sc-heading article_heading\"><h3 class = \"heading__primary\" >Galer\u00edas Pac\u00edfico<br>(600 metros)<\/h3><\/div><div class=\"desc-icon-box\"><div style=\"font-size: 14px;font-weight: 300;line-height: 21px;\">Um dos principais centros comerciais da cidade, merece ser visitado por suas belas instala\u00e7\u00f5es.<br>&#160;<\/div><a class=\"smicon-read sc-btn\" href=\"http:\/\/hotelelcabildo.com\/index.php\/pt\/2020\/01\/28\/galerias-pacifico-2\/\"  >Saber mais<\/a><\/div><\/div><\/div><!--end smicon-box--><\/div><\/div>\t\t<\/div>\n\t\t\t\t<\/div>\n\t\t\t\t\t<\/div>\n\t\t<\/div>\n\t\t\t\t<div class=\"elementor-column elementor-col-50 elementor-top-column elementor-element elementor-element-f288dc7\" data-id=\"f288dc7\" data-element_type=\"column\">\n\t\t\t<div class=\"elementor-widget-wrap elementor-element-populated\">\n\t\t\t\t\t\t<div class=\"elementor-element elementor-element-fb20f83 elementor-widget elementor-widget-thim-icon-box\" data-id=\"fb20f83\" data-element_type=\"widget\" data-widget_type=\"thim-icon-box.default\">\n\t\t\t\t<div class=\"elementor-widget-container\">\n\t\t\t<div class=\"inner-box auto-hidden\"><div  class=\"wrapper-box-icon has_custom_image has_read_more text-center box_shadow_icon \" ><div class=\"smicon-box iconbox-top\"><div class=\"boxes-icon\" ><span class=\"inner-icon\"><span class=\"icon icon-images\"><img decoding=\"async\" src=\"https:\/\/hotelelcabildo.com\/wp-content\/uploads\/2020\/04\/Teatro-Colon.jpg\" alt=\"Hotel EL Cabildo &#8211; Teatro Col\u00f3n\" title=\"Hotel EL Cabildo &#8211; Teatro Col\u00f3n\" ><\/span><\/span><\/div><div class=\"content-inner\" ><div class=\"sc-heading article_heading\"><h3 class = \"heading__primary\" >Teatro Col\u00f3n<br>(500 metos)<\/h3><\/div><div class=\"desc-icon-box\"><div style=\"font-size: 14px;font-weight: 300;line-height: 21px;\">O Teatro Colon, em Buenos Aires, \u00e9 uma das mais importantes casas de \u00f3pera do mundo.<br>&#160;<\/div><a class=\"smicon-read sc-btn\" href=\"http:\/\/hotelelcabildo.com\/index.php\/pt\/2020\/01\/28\/teatro-colon-2\/\"  >Saber mais<\/a><\/div><\/div><\/div><!--end smicon-box--><\/div><\/div>\t\t<\/div>\n\t\t\t\t<\/div>\n\t\t\t\t\t<\/div>\n\t\t<\/div>\n\t\t\t\t\t<\/div>\n\t\t<\/section>\n\t\t\t\t<section class=\"elementor-section elementor-top-section elementor-element elementor-element-60a4be8 elementor-section-boxed elementor-section-height-default elementor-section-height-default\" data-id=\"60a4be8\" data-element_type=\"section\">\n\t\t\t\t\t\t<div class=\"elementor-container elementor-column-gap-default\">\n\t\t\t\t\t<div class=\"elementor-column elementor-col-50 elementor-top-column elementor-element elementor-element-dad4199\" data-id=\"dad4199\" data-element_type=\"column\">\n\t\t\t<div class=\"elementor-widget-wrap elementor-element-populated\">\n\t\t\t\t\t\t<div class=\"elementor-element elementor-element-c00cdef elementor-widget elementor-widget-thim-icon-box\" data-id=\"c00cdef\" data-element_type=\"widget\" data-widget_type=\"thim-icon-box.default\">\n\t\t\t\t<div class=\"elementor-widget-container\">\n\t\t\t<div class=\"inner-box auto-hidden\"><div  class=\"wrapper-box-icon has_custom_image has_read_more text-center box_shadow_icon \" ><div class=\"smicon-box iconbox-top\"><div class=\"boxes-icon\" ><span class=\"inner-icon\"><span class=\"icon icon-images\"><img decoding=\"async\" src=\"https:\/\/hotelelcabildo.com\/wp-content\/uploads\/2020\/04\/Buenos-Aires-Tango.jpg\" alt=\"Hotel EL Cabildo &#8211; Buenos Aires Tango\" title=\"Hotel EL Cabildo &#8211; Buenos Aires Tango\" ><\/span><\/span><\/div><div class=\"content-inner\" ><div class=\"sc-heading article_heading\"><h3 class = \"heading__primary\" >Buenos Aires<br>Tango<\/h3><\/div><div class=\"desc-icon-box\"><div style=\"font-size: 14px;font-weight: 300;line-height: 21px;\">Sensual e nost\u00e1lgico, o tango faz parte da identidade de Buenos Aires. Conhe\u00e7a-lo e dance como um portenho!<br>&#160;<\/div><a class=\"smicon-read sc-btn\" href=\"http:\/\/hotelelcabildo.com\/index.php\/pt\/2020\/04\/14\/buenos-aires-tango-pt\/\"  >Saber mais<\/a><\/div><\/div><\/div><!--end smicon-box--><\/div><\/div>\t\t<\/div>\n\t\t\t\t<\/div>\n\t\t\t\t\t<\/div>\n\t\t<\/div>\n\t\t\t\t<div class=\"elementor-column elementor-col-50 elementor-top-column elementor-element elementor-element-4b6d3ea\" data-id=\"4b6d3ea\" data-element_type=\"column\">\n\t\t\t<div class=\"elementor-widget-wrap elementor-element-populated\">\n\t\t\t\t\t\t<div class=\"elementor-element elementor-element-12c62f3 elementor-widget elementor-widget-thim-icon-box\" data-id=\"12c62f3\" data-element_type=\"widget\" data-widget_type=\"thim-icon-box.default\">\n\t\t\t\t<div class=\"elementor-widget-container\">\n\t\t\t<div class=\"inner-box auto-hidden\"><div  class=\"wrapper-box-icon has_custom_image has_read_more text-center box_shadow_icon \" ><div class=\"smicon-box iconbox-top\"><div class=\"boxes-icon\" ><span class=\"inner-icon\"><span class=\"icon icon-images\"><img decoding=\"async\" src=\"https:\/\/hotelelcabildo.com\/wp-content\/uploads\/2020\/04\/Caminito.jpg\" alt=\"Hotel EL Cabildo &#8211; Caminito\" title=\"Hotel EL Cabildo &#8211; Caminito\" ><\/span><\/span><\/div><div class=\"content-inner\" ><div class=\"sc-heading article_heading\"><h3 class = \"heading__primary\" >Caminito<br>(40 min.)<\/h3><\/div><div class=\"desc-icon-box\"><div style=\"font-size: 14px;font-weight: 300;line-height: 21px;\">Com seus corti\u00e7os t\u00edpicos de zinco e suas paredes coloridas, o Caminito \u00e9 um aut\u00eantico museu a c\u00e9u aberto.<br>&#160;<\/div><a class=\"smicon-read sc-btn\" href=\"http:\/\/hotelelcabildo.com\/index.php\/pt\/2020\/04\/14\/caminito-pt\/\"  >Saber mais<\/a><\/div><\/div><\/div><!--end smicon-box--><\/div><\/div>\t\t<\/div>\n\t\t\t\t<\/div>\n\t\t\t\t\t<\/div>\n\t\t<\/div>\n\t\t\t\t\t<\/div>\n\t\t<\/section>\n\t\t\t\t<\/div>\n\t\t","protected":false},"excerpt":{"rendered":"<p> Hotel El Cabildo, no cora\u00e7\u00e3o de Buenos Aires <br \/>\nLocalizado no m\u00edtico e tradicional pedestre Lavalle, a poucos metros da rua Florida e da Avenida Corrientes, onde voc\u00ea pode desfrutar de cinemas, restaurantes, passeios comerciais e onde funciona a atividade financeira e banc\u00e1ria da cidade.<br \/>\nO Hotel El Cabildo oferece uma rela\u00e7\u00e3o harmoniosa entre <\/p>\n","protected":false},"author":1,"featured_media":6535,"parent":0,"menu_order":0,"comment_status":"closed","ping_status":"closed","template":"","meta":{"_joinchat":[],"footnotes":""},"class_list":["post-4759","page","type-page","status-publish","has-post-thumbnail","hentry"],"_links":{"self":[{"href":"https:\/\/hotelelcabildo.com\/index.php\/wp-json\/wp\/v2\/pages\/4759"}],"collection":[{"href":"https:\/\/hotelelcabildo.com\/index.php\/wp-json\/wp\/v2\/pages"}],"about":[{"href":"https:\/\/hotelelcabildo.com\/index.php\/wp-json\/wp\/v2\/types\/page"}],"author":[{"embeddable":true,"href":"https:\/\/hotelelcabildo.com\/index.php\/wp-json\/wp\/v2\/users\/1"}],"replies":[{"embeddable":true,"href":"https:\/\/hotelelcabildo.com\/index.php\/wp-json\/wp\/v2\/comments?post=4759"}],"version-history":[{"count":0,"href":"https:\/\/hotelelcabildo.com\/index.php\/wp-json\/wp\/v2\/pages\/4759\/revisions"}],"wp:featuredmedia":[{"embeddable":true,"href":"https:\/\/hotelelcabildo.com\/index.php\/wp-json\/wp\/v2\/media\/6535"}],"wp:attachment":[{"href":"https:\/\/hotelelcabildo.com\/index.php\/wp-json\/wp\/v2\/media?parent=4759"}],"curies":[{"name":"wp","href":"https:\/\/api.w.org\/{rel}","templated":true}]}}