{"id":4761,"date":"2020-01-23T18:38:07","date_gmt":"2020-01-23T21:38:07","guid":{"rendered":"http:\/\/ubuntu18-level\/hotelregis.com.ar\/?page_id=4761"},"modified":"2020-04-17T12:13:04","modified_gmt":"2020-04-17T15:13:04","slug":"servicios","status":"publish","type":"page","link":"https:\/\/hotelelcabildo.com\/index.php\/servicios\/","title":{"rendered":"Servicios"},"content":{"rendered":"\t\t<div data-elementor-type=\"wp-page\" data-elementor-id=\"4761\" class=\"elementor elementor-4761\">\n\t\t\t\t\t\t<section class=\"elementor-section elementor-top-section elementor-element elementor-element-691d1a64 elementor-section-boxed elementor-section-height-default elementor-section-height-default\" data-id=\"691d1a64\" data-element_type=\"section\">\n\t\t\t\t\t\t<div class=\"elementor-container elementor-column-gap-default\">\n\t\t\t\t\t<div class=\"elementor-column elementor-col-100 elementor-top-column elementor-element elementor-element-409ed9bc\" data-id=\"409ed9bc\" data-element_type=\"column\">\n\t\t\t<div class=\"elementor-widget-wrap elementor-element-populated\">\n\t\t\t\t\t\t<div class=\"elementor-element elementor-element-35ac791c elementor-widget elementor-widget-text-editor\" data-id=\"35ac791c\" data-element_type=\"widget\" data-widget_type=\"text-editor.default\">\n\t\t\t\t<div class=\"elementor-widget-container\">\n\t\t\t\t\t\t\t<p style=\"text-align: center;\">Un lugar pensado para tu bienestar mientras disfrutas de unas merecidas vacaciones, reuni\u00f3n de negocios o estudios acad\u00e9micos.<br \/>El personal del hotel se encuentra a tu disposici\u00f3n para colaborar en todo lo que necesites.<\/p>\t\t\t\t\t\t<\/div>\n\t\t\t\t<\/div>\n\t\t\t\t\t<\/div>\n\t\t<\/div>\n\t\t\t\t\t<\/div>\n\t\t<\/section>\n\t\t\t\t<section class=\"elementor-section elementor-top-section elementor-element elementor-element-8bc014b elementor-section-boxed elementor-section-height-default elementor-section-height-default\" data-id=\"8bc014b\" data-element_type=\"section\">\n\t\t\t\t\t\t<div class=\"elementor-container elementor-column-gap-default\">\n\t\t\t\t\t<div class=\"elementor-column elementor-col-16 elementor-top-column elementor-element elementor-element-00c28d0\" data-id=\"00c28d0\" data-element_type=\"column\">\n\t\t\t<div class=\"elementor-widget-wrap elementor-element-populated\">\n\t\t\t\t\t\t<div class=\"elementor-element elementor-element-3a68de3 elementor-widget elementor-widget-thim-icon-box\" data-id=\"3a68de3\" data-element_type=\"widget\" data-widget_type=\"thim-icon-box.default\">\n\t\t\t\t<div class=\"elementor-widget-container\">\n\t\t\t<div class=\"inner-box auto-hidden\"><div  class=\"wrapper-box-icon has_custom_image text-center  \" ><div class=\"smicon-box iconbox-top\"><div class=\"boxes-icon\" style=\"width: 80px;height: 80px;\"><span class=\"inner-icon\"><span class=\"icon icon-images\"><img decoding=\"async\" src=\"https:\/\/hotelelcabildo.com\/wp-content\/uploads\/2020\/04\/aire-acondicionado-calefaccion.png\" alt=\"Aire acondicionado y calefacci\u00f3n\" title=\"Aire acondicionado y calefacci\u00f3n\" ><\/span><\/span><\/div><div class=\"content-inner\" ><div class=\"sc-heading article_heading\"><h5 class = \"heading__primary\" >Aire acondicionado y calefacci\u00f3n<\/h5><\/div><\/div><\/div><!--end smicon-box--><\/div><\/div>\t\t<\/div>\n\t\t\t\t<\/div>\n\t\t\t\t\t<\/div>\n\t\t<\/div>\n\t\t\t\t<div class=\"elementor-column elementor-col-16 elementor-top-column elementor-element elementor-element-b2e2dbc\" data-id=\"b2e2dbc\" data-element_type=\"column\">\n\t\t\t<div class=\"elementor-widget-wrap elementor-element-populated\">\n\t\t\t\t\t\t<div class=\"elementor-element elementor-element-11a0ca0 elementor-widget elementor-widget-thim-icon-box\" data-id=\"11a0ca0\" data-element_type=\"widget\" data-widget_type=\"thim-icon-box.default\">\n\t\t\t\t<div class=\"elementor-widget-container\">\n\t\t\t<div class=\"inner-box auto-hidden\"><div  class=\"wrapper-box-icon has_custom_image text-center  \" ><div class=\"smicon-box iconbox-top\"><div class=\"boxes-icon\" style=\"width: 80px;height: 80px;\"><span class=\"inner-icon\"><span class=\"icon icon-images\"><img decoding=\"async\" src=\"https:\/\/hotelelcabildo.com\/wp-content\/uploads\/2020\/04\/deposito-equipaje.png\" alt=\"Dep\u00f3sito de equipaje\" title=\"Dep\u00f3sito de equipaje\" ><\/span><\/span><\/div><div class=\"content-inner\" ><div class=\"sc-heading article_heading\"><h5 class = \"heading__primary\" >Dep\u00f3sito de equipaje<\/h5><\/div><\/div><\/div><!--end smicon-box--><\/div><\/div>\t\t<\/div>\n\t\t\t\t<\/div>\n\t\t\t\t\t<\/div>\n\t\t<\/div>\n\t\t\t\t<div class=\"elementor-column elementor-col-16 elementor-top-column elementor-element elementor-element-22e3e72\" data-id=\"22e3e72\" data-element_type=\"column\">\n\t\t\t<div class=\"elementor-widget-wrap elementor-element-populated\">\n\t\t\t\t\t\t<div class=\"elementor-element elementor-element-f5af4d7 elementor-widget elementor-widget-thim-icon-box\" data-id=\"f5af4d7\" data-element_type=\"widget\" data-widget_type=\"thim-icon-box.default\">\n\t\t\t\t<div class=\"elementor-widget-container\">\n\t\t\t<div class=\"inner-box auto-hidden\"><div  class=\"wrapper-box-icon has_custom_image text-center  \" ><div class=\"smicon-box iconbox-top\"><div class=\"boxes-icon\" style=\"width: 80px;height: 80px;\"><span class=\"inner-icon\"><span class=\"icon icon-images\"><img decoding=\"async\" src=\"https:\/\/hotelelcabildo.com\/wp-content\/uploads\/2020\/04\/servicio-despierte.png\" alt=\"Servicio de despierte\" title=\"Servicio de despierte\" ><\/span><\/span><\/div><div class=\"content-inner\" ><div class=\"sc-heading article_heading\"><h5 class = \"heading__primary\" >Servicio de despierte<\/h5><\/div><\/div><\/div><!--end smicon-box--><\/div><\/div>\t\t<\/div>\n\t\t\t\t<\/div>\n\t\t\t\t\t<\/div>\n\t\t<\/div>\n\t\t\t\t<div class=\"elementor-column elementor-col-16 elementor-top-column elementor-element elementor-element-06c5172\" data-id=\"06c5172\" data-element_type=\"column\">\n\t\t\t<div class=\"elementor-widget-wrap elementor-element-populated\">\n\t\t\t\t\t\t<div class=\"elementor-element elementor-element-fac92c8 elementor-widget elementor-widget-thim-icon-box\" data-id=\"fac92c8\" data-element_type=\"widget\" data-widget_type=\"thim-icon-box.default\">\n\t\t\t\t<div class=\"elementor-widget-container\">\n\t\t\t<div class=\"inner-box auto-hidden\"><div  class=\"wrapper-box-icon has_custom_image text-center  \" ><div class=\"smicon-box iconbox-top\"><div class=\"boxes-icon\" style=\"width: 80px;height: 80px;\"><span class=\"inner-icon\"><span class=\"icon icon-images\"><img decoding=\"async\" src=\"https:\/\/hotelelcabildo.com\/wp-content\/uploads\/2020\/04\/personal-bilingue.png\" alt=\"Personal Bilingue\" title=\"Personal Bilingue\" ><\/span><\/span><\/div><div class=\"content-inner\" ><div class=\"sc-heading article_heading\"><h5 class = \"heading__primary\" >Personal biling\u00fce<\/h5><\/div><\/div><\/div><!--end smicon-box--><\/div><\/div>\t\t<\/div>\n\t\t\t\t<\/div>\n\t\t\t\t\t<\/div>\n\t\t<\/div>\n\t\t\t\t<div class=\"elementor-column elementor-col-16 elementor-top-column elementor-element elementor-element-0df58c5\" data-id=\"0df58c5\" data-element_type=\"column\">\n\t\t\t<div class=\"elementor-widget-wrap elementor-element-populated\">\n\t\t\t\t\t\t<div class=\"elementor-element elementor-element-82c5f94 elementor-widget elementor-widget-thim-icon-box\" data-id=\"82c5f94\" data-element_type=\"widget\" data-widget_type=\"thim-icon-box.default\">\n\t\t\t\t<div class=\"elementor-widget-container\">\n\t\t\t<div class=\"inner-box auto-hidden\"><div  class=\"wrapper-box-icon has_custom_image text-center  \" ><div class=\"smicon-box iconbox-top\"><div class=\"boxes-icon\" style=\"width: 80px;height: 80px;\"><span class=\"inner-icon\"><span class=\"icon icon-images\"><img decoding=\"async\" src=\"https:\/\/hotelelcabildo.com\/wp-content\/uploads\/2020\/04\/concierge.png\" alt=\"Conserjer\u00eda\" title=\"Conserjer\u00eda\" ><\/span><\/span><\/div><div class=\"content-inner\" ><div class=\"sc-heading article_heading\"><h5 class = \"heading__primary\" >Conserjer\u00eda<\/h5><\/div><\/div><\/div><!--end smicon-box--><\/div><\/div>\t\t<\/div>\n\t\t\t\t<\/div>\n\t\t\t\t\t<\/div>\n\t\t<\/div>\n\t\t\t\t<div class=\"elementor-column elementor-col-16 elementor-top-column elementor-element elementor-element-dd3f5ba\" data-id=\"dd3f5ba\" data-element_type=\"column\">\n\t\t\t<div class=\"elementor-widget-wrap elementor-element-populated\">\n\t\t\t\t\t\t<div class=\"elementor-element elementor-element-9af992a elementor-widget elementor-widget-thim-icon-box\" data-id=\"9af992a\" data-element_type=\"widget\" data-widget_type=\"thim-icon-box.default\">\n\t\t\t\t<div class=\"elementor-widget-container\">\n\t\t\t<div class=\"inner-box auto-hidden\"><div  class=\"wrapper-box-icon has_custom_image text-center  \" ><div class=\"smicon-box iconbox-top\"><div class=\"boxes-icon\" style=\"width: 80px;height: 80px;\"><span class=\"inner-icon\"><span class=\"icon icon-images\"><img decoding=\"async\" src=\"https:\/\/hotelelcabildo.com\/wp-content\/uploads\/2020\/04\/computadoras-lobby.png\" alt=\"Computadoras en lobby\" title=\"Computadoras en lobby\" ><\/span><\/span><\/div><div class=\"content-inner\" ><div class=\"sc-heading article_heading\"><h5 class = \"heading__primary\" >Computadoras en lobby<\/h5><\/div><\/div><\/div><!--end smicon-box--><\/div><\/div>\t\t<\/div>\n\t\t\t\t<\/div>\n\t\t\t\t\t<\/div>\n\t\t<\/div>\n\t\t\t\t\t<\/div>\n\t\t<\/section>\n\t\t\t\t<section class=\"elementor-section elementor-top-section elementor-element elementor-element-f1c9e10 elementor-section-boxed elementor-section-height-default elementor-section-height-default\" data-id=\"f1c9e10\" data-element_type=\"section\">\n\t\t\t\t\t\t<div class=\"elementor-container elementor-column-gap-default\">\n\t\t\t\t\t<div class=\"elementor-column elementor-col-16 elementor-top-column elementor-element elementor-element-594b02b\" data-id=\"594b02b\" data-element_type=\"column\">\n\t\t\t<div class=\"elementor-widget-wrap elementor-element-populated\">\n\t\t\t\t\t\t<div class=\"elementor-element elementor-element-0b3a0d2 elementor-widget elementor-widget-thim-icon-box\" data-id=\"0b3a0d2\" data-element_type=\"widget\" data-widget_type=\"thim-icon-box.default\">\n\t\t\t\t<div class=\"elementor-widget-container\">\n\t\t\t<div class=\"inner-box auto-hidden\"><div  class=\"wrapper-box-icon has_custom_image text-center  \" ><div class=\"smicon-box iconbox-top\"><div class=\"boxes-icon\" style=\"width: 80px;height: 80px;\"><span class=\"inner-icon\"><span class=\"icon icon-images\"><img decoding=\"async\" src=\"https:\/\/hotelelcabildo.com\/wp-content\/uploads\/2020\/04\/fotocopiadora-fax.png\" alt=\"Servicio de fax y fotocopiadora\" title=\"Servicio de fax y fotocopiadora\" ><\/span><\/span><\/div><div class=\"content-inner\" ><div class=\"sc-heading article_heading\"><h5 class = \"heading__primary\" >Servicio de Fax-fotocopiadora<\/h5><\/div><\/div><\/div><!--end smicon-box--><\/div><\/div>\t\t<\/div>\n\t\t\t\t<\/div>\n\t\t\t\t\t<\/div>\n\t\t<\/div>\n\t\t\t\t<div class=\"elementor-column elementor-col-16 elementor-top-column elementor-element elementor-element-b7c2dc8\" data-id=\"b7c2dc8\" data-element_type=\"column\">\n\t\t\t<div class=\"elementor-widget-wrap elementor-element-populated\">\n\t\t\t\t\t\t<div class=\"elementor-element elementor-element-30ecbcb elementor-widget elementor-widget-thim-icon-box\" data-id=\"30ecbcb\" data-element_type=\"widget\" data-widget_type=\"thim-icon-box.default\">\n\t\t\t\t<div class=\"elementor-widget-container\">\n\t\t\t<div class=\"inner-box auto-hidden\"><div  class=\"wrapper-box-icon has_custom_image text-center  \" ><div class=\"smicon-box iconbox-top\"><div class=\"boxes-icon\" style=\"width: 80px;height: 80px;\"><span class=\"inner-icon\"><span class=\"icon icon-images\"><img decoding=\"async\" src=\"https:\/\/hotelelcabildo.com\/wp-content\/uploads\/2020\/04\/led-tv.png\" alt=\"TV por Cable\" title=\"TV por Cable\" ><\/span><\/span><\/div><div class=\"content-inner\" ><div class=\"sc-heading article_heading\"><h5 class = \"heading__primary\" >TV por cable<\/h5><\/div><\/div><\/div><!--end smicon-box--><\/div><\/div>\t\t<\/div>\n\t\t\t\t<\/div>\n\t\t\t\t\t<\/div>\n\t\t<\/div>\n\t\t\t\t<div class=\"elementor-column elementor-col-16 elementor-top-column elementor-element elementor-element-fe51542\" data-id=\"fe51542\" data-element_type=\"column\">\n\t\t\t<div class=\"elementor-widget-wrap elementor-element-populated\">\n\t\t\t\t\t\t<div class=\"elementor-element elementor-element-21955f0 elementor-widget elementor-widget-thim-icon-box\" data-id=\"21955f0\" data-element_type=\"widget\" data-widget_type=\"thim-icon-box.default\">\n\t\t\t\t<div class=\"elementor-widget-container\">\n\t\t\t<div class=\"inner-box auto-hidden\"><div  class=\"wrapper-box-icon has_custom_image text-center  \" ><div class=\"smicon-box iconbox-top\"><div class=\"boxes-icon\" style=\"width: 80px;height: 80px;\"><span class=\"inner-icon\"><span class=\"icon icon-images\"><img decoding=\"async\" src=\"https:\/\/hotelelcabildo.com\/wp-content\/uploads\/2020\/04\/telefonia-local-internacional.png\" alt=\"Telefon\u00eda local e internacional\" title=\"Telefon\u00eda local e internacional\" ><\/span><\/span><\/div><div class=\"content-inner\" ><div class=\"sc-heading article_heading\"><h5 class = \"heading__primary\" >Telefon\u00eda local e internacional<\/h5><\/div><\/div><\/div><!--end smicon-box--><\/div><\/div>\t\t<\/div>\n\t\t\t\t<\/div>\n\t\t\t\t\t<\/div>\n\t\t<\/div>\n\t\t\t\t<div class=\"elementor-column elementor-col-16 elementor-top-column elementor-element elementor-element-1aed22a\" data-id=\"1aed22a\" data-element_type=\"column\">\n\t\t\t<div class=\"elementor-widget-wrap elementor-element-populated\">\n\t\t\t\t\t\t<div class=\"elementor-element elementor-element-be29788 elementor-widget elementor-widget-thim-icon-box\" data-id=\"be29788\" data-element_type=\"widget\" data-widget_type=\"thim-icon-box.default\">\n\t\t\t\t<div class=\"elementor-widget-container\">\n\t\t\t<div class=\"inner-box auto-hidden\"><div  class=\"wrapper-box-icon has_custom_image text-center  \" ><div class=\"smicon-box iconbox-top\"><div class=\"boxes-icon\" style=\"width: 80px;height: 80px;\"><span class=\"inner-icon\"><span class=\"icon icon-images\"><img decoding=\"async\" src=\"https:\/\/hotelelcabildo.com\/wp-content\/uploads\/2020\/04\/wifi.png\" alt=\"Internet Wi-Fi\" title=\"Internet Wi-Fi\" ><\/span><\/span><\/div><div class=\"content-inner\" ><div class=\"sc-heading article_heading\"><h5 class = \"heading__primary\" >Internet Wi-Fi en habitaciones y \u00e1reas comunes<\/h5><\/div><\/div><\/div><!--end smicon-box--><\/div><\/div>\t\t<\/div>\n\t\t\t\t<\/div>\n\t\t\t\t\t<\/div>\n\t\t<\/div>\n\t\t\t\t<div class=\"elementor-column elementor-col-16 elementor-top-column elementor-element elementor-element-9852e4f\" data-id=\"9852e4f\" data-element_type=\"column\">\n\t\t\t<div class=\"elementor-widget-wrap elementor-element-populated\">\n\t\t\t\t\t\t<div class=\"elementor-element elementor-element-998a021 elementor-widget elementor-widget-thim-icon-box\" data-id=\"998a021\" data-element_type=\"widget\" data-widget_type=\"thim-icon-box.default\">\n\t\t\t\t<div class=\"elementor-widget-container\">\n\t\t\t<div class=\"inner-box auto-hidden\"><div  class=\"wrapper-box-icon has_custom_image text-center  \" ><div class=\"smicon-box iconbox-top\"><div class=\"boxes-icon\" style=\"width: 80px;height: 80px;\"><span class=\"inner-icon\"><span class=\"icon icon-images\"><img decoding=\"async\" src=\"https:\/\/hotelelcabildo.com\/wp-content\/uploads\/2020\/04\/reception-bell.png\" alt=\"Recepci\u00f3n\" title=\"Recepci\u00f3n\" ><\/span><\/span><\/div><div class=\"content-inner\" ><div class=\"sc-heading article_heading\"><h5 class = \"heading__primary\" >Front desk<br>24 horas<\/h5><\/div><\/div><\/div><!--end smicon-box--><\/div><\/div>\t\t<\/div>\n\t\t\t\t<\/div>\n\t\t\t\t\t<\/div>\n\t\t<\/div>\n\t\t\t\t<div class=\"elementor-column elementor-col-16 elementor-top-column elementor-element elementor-element-eb15bcd\" data-id=\"eb15bcd\" data-element_type=\"column\">\n\t\t\t<div class=\"elementor-widget-wrap elementor-element-populated\">\n\t\t\t\t\t\t<div class=\"elementor-element elementor-element-d1e08a3 elementor-widget elementor-widget-thim-icon-box\" data-id=\"d1e08a3\" data-element_type=\"widget\" data-widget_type=\"thim-icon-box.default\">\n\t\t\t\t<div class=\"elementor-widget-container\">\n\t\t\t<div class=\"inner-box auto-hidden\"><div  class=\"wrapper-box-icon has_custom_image text-center  \" ><div class=\"smicon-box iconbox-top\"><div class=\"boxes-icon\" style=\"width: 80px;height: 80px;\"><span class=\"inner-icon\"><span class=\"icon icon-images\"><img decoding=\"async\" src=\"https:\/\/hotelelcabildo.com\/wp-content\/uploads\/2020\/04\/parking.png\" alt=\"Estacionamiento\" title=\"Estacionamiento\" ><\/span><\/span><\/div><div class=\"content-inner\" ><div class=\"sc-heading article_heading\"><h5 class = \"heading__primary\" >No poseemos estacionamiento propio.\nEstacionamiento en inmediaciones<\/h5><\/div><\/div><\/div><!--end smicon-box--><\/div><\/div>\t\t<\/div>\n\t\t\t\t<\/div>\n\t\t\t\t\t<\/div>\n\t\t<\/div>\n\t\t\t\t\t<\/div>\n\t\t<\/section>\n\t\t\t\t<section class=\"elementor-section elementor-top-section elementor-element elementor-element-9006d19 elementor-section-boxed elementor-section-height-default elementor-section-height-default\" data-id=\"9006d19\" data-element_type=\"section\">\n\t\t\t\t\t\t<div class=\"elementor-container elementor-column-gap-default\">\n\t\t\t\t\t<div class=\"elementor-column elementor-col-16 elementor-top-column elementor-element elementor-element-b33c29d\" data-id=\"b33c29d\" data-element_type=\"column\">\n\t\t\t<div class=\"elementor-widget-wrap elementor-element-populated\">\n\t\t\t\t\t\t<div class=\"elementor-element elementor-element-a08c9f6 elementor-widget elementor-widget-thim-icon-box\" data-id=\"a08c9f6\" data-element_type=\"widget\" data-widget_type=\"thim-icon-box.default\">\n\t\t\t\t<div class=\"elementor-widget-container\">\n\t\t\t<div class=\"inner-box auto-hidden\"><div  class=\"wrapper-box-icon has_custom_image text-center  \" ><div class=\"smicon-box iconbox-top\"><div class=\"boxes-icon\" style=\"width: 80px;height: 80px;\"><span class=\"inner-icon\"><span class=\"icon icon-images\"><img decoding=\"async\" src=\"https:\/\/hotelelcabildo.com\/wp-content\/uploads\/2020\/04\/pase-microcentro.png\" alt=\"Pase para veh\u00edculos para el microcentro\" title=\"Pase para veh\u00edculos para el microcentro\" ><\/span><\/span><\/div><div class=\"content-inner\" ><div class=\"sc-heading article_heading\"><h5 class = \"heading__primary\" >Pase veh\u00edculos a microcentro<\/h5><\/div><\/div><\/div><!--end smicon-box--><\/div><\/div>\t\t<\/div>\n\t\t\t\t<\/div>\n\t\t\t\t\t<\/div>\n\t\t<\/div>\n\t\t\t\t<div class=\"elementor-column elementor-col-16 elementor-top-column elementor-element elementor-element-1d6decd\" data-id=\"1d6decd\" data-element_type=\"column\">\n\t\t\t<div class=\"elementor-widget-wrap elementor-element-populated\">\n\t\t\t\t\t\t<div class=\"elementor-element elementor-element-620fe4b elementor-widget elementor-widget-thim-icon-box\" data-id=\"620fe4b\" data-element_type=\"widget\" data-widget_type=\"thim-icon-box.default\">\n\t\t\t\t<div class=\"elementor-widget-container\">\n\t\t\t<div class=\"inner-box auto-hidden\"><div  class=\"wrapper-box-icon has_custom_image text-center  \" ><div class=\"smicon-box iconbox-top\"><div class=\"boxes-icon\" style=\"width: 80px;height: 80px;\"><span class=\"inner-icon\"><span class=\"icon icon-images\"><img decoding=\"async\" src=\"https:\/\/hotelelcabildo.com\/wp-content\/uploads\/2020\/04\/coffe-cup-1-e1590794748811.png\" alt=\"Desayuno continental\" title=\"Desayuno continental\" ><\/span><\/span><\/div><div class=\"content-inner\" ><div class=\"sc-heading article_heading\"><h5 class = \"heading__primary\" >Desayuno continental<\/h5><\/div><\/div><\/div><!--end smicon-box--><\/div><\/div>\t\t<\/div>\n\t\t\t\t<\/div>\n\t\t\t\t\t<\/div>\n\t\t<\/div>\n\t\t\t\t<div class=\"elementor-column elementor-col-16 elementor-top-column elementor-element elementor-element-a5432c1\" data-id=\"a5432c1\" data-element_type=\"column\">\n\t\t\t<div class=\"elementor-widget-wrap elementor-element-populated\">\n\t\t\t\t\t\t<div class=\"elementor-element elementor-element-6d0ddcc elementor-widget elementor-widget-thim-icon-box\" data-id=\"6d0ddcc\" data-element_type=\"widget\" data-widget_type=\"thim-icon-box.default\">\n\t\t\t\t<div class=\"elementor-widget-container\">\n\t\t\t<div class=\"inner-box auto-hidden\"><div  class=\"wrapper-box-icon has_custom_image text-center  \" ><div class=\"smicon-box iconbox-top\"><div class=\"boxes-icon\" style=\"width: 80px;height: 80px;\"><span class=\"inner-icon\"><span class=\"icon icon-images\"><img decoding=\"async\" src=\"https:\/\/hotelelcabildo.com\/wp-content\/uploads\/2020\/04\/servicio-transfer.png\" alt=\"Servicio de transfer\" title=\"Servicio de transfer\" ><\/span><\/span><\/div><div class=\"content-inner\" ><div class=\"sc-heading article_heading\"><h5 class = \"heading__primary\" >Servicio de transfer<\/h5><\/div><\/div><\/div><!--end smicon-box--><\/div><\/div>\t\t<\/div>\n\t\t\t\t<\/div>\n\t\t\t\t\t<\/div>\n\t\t<\/div>\n\t\t\t\t<div class=\"elementor-column elementor-col-16 elementor-top-column elementor-element elementor-element-11da175\" data-id=\"11da175\" data-element_type=\"column\">\n\t\t\t<div class=\"elementor-widget-wrap elementor-element-populated\">\n\t\t\t\t\t\t<div class=\"elementor-element elementor-element-c9b78db elementor-widget elementor-widget-thim-icon-box\" data-id=\"c9b78db\" data-element_type=\"widget\" data-widget_type=\"thim-icon-box.default\">\n\t\t\t\t<div class=\"elementor-widget-container\">\n\t\t\t<div class=\"inner-box auto-hidden\"><div  class=\"wrapper-box-icon has_custom_image text-center  \" ><div class=\"smicon-box iconbox-top\"><div class=\"boxes-icon\" style=\"width: 80px;height: 80px;\"><span class=\"inner-icon\"><span class=\"icon icon-images\"><img decoding=\"async\" src=\"https:\/\/hotelelcabildo.com\/wp-content\/uploads\/2020\/04\/ascensores.png\" alt=\"Ascensores\" title=\"Ascensores\" ><\/span><\/span><\/div><div class=\"content-inner\" ><div class=\"sc-heading article_heading\"><h5 class = \"heading__primary\" >Ascensores<\/h5><\/div><\/div><\/div><!--end smicon-box--><\/div><\/div>\t\t<\/div>\n\t\t\t\t<\/div>\n\t\t\t\t\t<\/div>\n\t\t<\/div>\n\t\t\t\t<div class=\"elementor-column elementor-col-16 elementor-top-column elementor-element elementor-element-2b93553\" data-id=\"2b93553\" data-element_type=\"column\">\n\t\t\t<div class=\"elementor-widget-wrap elementor-element-populated\">\n\t\t\t\t\t\t<div class=\"elementor-element elementor-element-18023e9 elementor-widget elementor-widget-thim-icon-box\" data-id=\"18023e9\" data-element_type=\"widget\" data-widget_type=\"thim-icon-box.default\">\n\t\t\t\t<div class=\"elementor-widget-container\">\n\t\t\t<div class=\"inner-box auto-hidden\"><div  class=\"wrapper-box-icon has_custom_image text-center  \" ><div class=\"smicon-box iconbox-top\"><div class=\"boxes-icon\" style=\"width: 80px;height: 80px;\"><span class=\"inner-icon\"><span class=\"icon icon-images\"><img decoding=\"async\" src=\"https:\/\/hotelelcabildo.com\/wp-content\/uploads\/2020\/04\/minibar.png\" alt=\"Frigobar\" title=\"Frigobar\" ><\/span><\/span><\/div><div class=\"content-inner\" ><div class=\"sc-heading article_heading\"><h5 class = \"heading__primary\" >Minibar<\/h5><\/div><\/div><\/div><!--end smicon-box--><\/div><\/div>\t\t<\/div>\n\t\t\t\t<\/div>\n\t\t\t\t\t<\/div>\n\t\t<\/div>\n\t\t\t\t<div class=\"elementor-column elementor-col-16 elementor-top-column elementor-element elementor-element-7436da9\" data-id=\"7436da9\" data-element_type=\"column\">\n\t\t\t<div class=\"elementor-widget-wrap elementor-element-populated\">\n\t\t\t\t\t\t<div class=\"elementor-element elementor-element-2dcbd7d elementor-widget elementor-widget-thim-icon-box\" data-id=\"2dcbd7d\" data-element_type=\"widget\" data-widget_type=\"thim-icon-box.default\">\n\t\t\t\t<div class=\"elementor-widget-container\">\n\t\t\t<div class=\"inner-box auto-hidden\"><div  class=\"wrapper-box-icon has_custom_image text-center  \" ><div class=\"smicon-box iconbox-top\"><div class=\"boxes-icon\" style=\"width: 80px;height: 80px;\"><span class=\"inner-icon\"><span class=\"icon icon-images\"><img decoding=\"async\" src=\"https:\/\/hotelelcabildo.com\/wp-content\/uploads\/2020\/04\/shampoo.png\" alt=\"Elementos de higiene y aseo personal\" title=\"Elementos de higiene y aseo personal\" ><\/span><\/span><\/div><div class=\"content-inner\" ><div class=\"sc-heading article_heading\"><h5 class = \"heading__primary\" >Elementos de aseo personal<\/h5><\/div><\/div><\/div><!--end smicon-box--><\/div><\/div>\t\t<\/div>\n\t\t\t\t<\/div>\n\t\t\t\t\t<\/div>\n\t\t<\/div>\n\t\t\t\t\t<\/div>\n\t\t<\/section>\n\t\t\t\t<\/div>\n\t\t","protected":false},"excerpt":{"rendered":"<p>Un lugar pensado para tu bienestar mientras disfrutas de unas merecidas vacaciones, reuni\u00f3n de negocios o estudios acad\u00e9micos.El personal del hotel se encuentra a tu disposici\u00f3n para colaborar en todo lo que necesites.<\/p>\n<p>Aire acondicionado y calefacci\u00f3n<\/p>\n<p>\nDep\u00f3sito de equipaje<\/p>\n<p>\nServicio de despierte<\/p>\n<p>\nPersonal biling\u00fce<\/p>\n<p>\nConserjer\u00eda<br \n<\/p>\n","protected":false},"author":1,"featured_media":6512,"parent":0,"menu_order":0,"comment_status":"closed","ping_status":"closed","template":"","meta":{"_joinchat":[],"footnotes":""},"class_list":["post-4761","page","type-page","status-publish","has-post-thumbnail","hentry"],"_links":{"self":[{"href":"https:\/\/hotelelcabildo.com\/index.php\/wp-json\/wp\/v2\/pages\/4761"}],"collection":[{"href":"https:\/\/hotelelcabildo.com\/index.php\/wp-json\/wp\/v2\/pages"}],"about":[{"href":"https:\/\/hotelelcabildo.com\/index.php\/wp-json\/wp\/v2\/types\/page"}],"author":[{"embeddable":true,"href":"https:\/\/hotelelcabildo.com\/index.php\/wp-json\/wp\/v2\/users\/1"}],"replies":[{"embeddable":true,"href":"https:\/\/hotelelcabildo.com\/index.php\/wp-json\/wp\/v2\/comments?post=4761"}],"version-history":[{"count":0,"href":"https:\/\/hotelelcabildo.com\/index.php\/wp-json\/wp\/v2\/pages\/4761\/revisions"}],"wp:featuredmedia":[{"embeddable":true,"href":"https:\/\/hotelelcabildo.com\/index.php\/wp-json\/wp\/v2\/media\/6512"}],"wp:attachment":[{"href":"https:\/\/hotelelcabildo.com\/index.php\/wp-json\/wp\/v2\/media?parent=4761"}],"curies":[{"name":"wp","href":"https:\/\/api.w.org\/{rel}","templated":true}]}}