{"id":4765,"date":"2020-01-23T18:46:09","date_gmt":"2020-01-23T21:46:09","guid":{"rendered":"http:\/\/ubuntu18-level\/hotelregis.com.ar\/?page_id=4765"},"modified":"2020-04-17T12:13:38","modified_gmt":"2020-04-17T15:13:38","slug":"servicos","status":"publish","type":"page","link":"https:\/\/hotelelcabildo.com\/index.php\/pt\/servicos\/","title":{"rendered":"Servi\u00e7os"},"content":{"rendered":"\t\t<div data-elementor-type=\"wp-page\" data-elementor-id=\"4765\" class=\"elementor elementor-4765\">\n\t\t\t\t\t\t<section class=\"elementor-section elementor-top-section elementor-element elementor-element-371f31b0 elementor-section-boxed elementor-section-height-default elementor-section-height-default\" data-id=\"371f31b0\" data-element_type=\"section\">\n\t\t\t\t\t\t<div class=\"elementor-container elementor-column-gap-default\">\n\t\t\t\t\t<div class=\"elementor-column elementor-col-100 elementor-top-column elementor-element elementor-element-78b3320d\" data-id=\"78b3320d\" data-element_type=\"column\">\n\t\t\t<div class=\"elementor-widget-wrap elementor-element-populated\">\n\t\t\t\t\t\t<div class=\"elementor-element elementor-element-34fb5bd4 elementor-widget elementor-widget-text-editor\" data-id=\"34fb5bd4\" data-element_type=\"widget\" data-widget_type=\"text-editor.default\">\n\t\t\t\t<div class=\"elementor-widget-container\">\n\t\t\t\t\t\t\t<p style=\"text-align: center;\">Um lugar projetado para o seu bem-estar enquanto desfruta de merecidas f\u00e9rias, reuni\u00f5es de neg\u00f3cios ou estudos acad\u00eamicos.<br \/>A equipe do hotel est\u00e1 ao seu dispor para colaborar em tudo que voc\u00ea precisa.<\/p>\t\t\t\t\t\t<\/div>\n\t\t\t\t<\/div>\n\t\t\t\t\t<\/div>\n\t\t<\/div>\n\t\t\t\t\t<\/div>\n\t\t<\/section>\n\t\t\t\t<section class=\"elementor-section elementor-top-section elementor-element elementor-element-cf9d5b0 elementor-section-boxed elementor-section-height-default elementor-section-height-default\" data-id=\"cf9d5b0\" data-element_type=\"section\">\n\t\t\t\t\t\t<div class=\"elementor-container elementor-column-gap-default\">\n\t\t\t\t\t<div class=\"elementor-column elementor-col-16 elementor-top-column elementor-element elementor-element-a4fc80c\" data-id=\"a4fc80c\" data-element_type=\"column\">\n\t\t\t<div class=\"elementor-widget-wrap elementor-element-populated\">\n\t\t\t\t\t\t<div class=\"elementor-element elementor-element-4c0615b elementor-widget elementor-widget-thim-icon-box\" data-id=\"4c0615b\" data-element_type=\"widget\" data-widget_type=\"thim-icon-box.default\">\n\t\t\t\t<div class=\"elementor-widget-container\">\n\t\t\t<div class=\"inner-box auto-hidden\"><div  class=\"wrapper-box-icon has_custom_image text-center  \" ><div class=\"smicon-box iconbox-top\"><div class=\"boxes-icon\" style=\"width: 80px;height: 80px;\"><span class=\"inner-icon\"><span class=\"icon icon-images\"><img decoding=\"async\" src=\"https:\/\/hotelelcabildo.com\/wp-content\/uploads\/2020\/04\/aire-acondicionado-calefaccion.png\" alt=\"Ar condicionado e aquecimento\" title=\"Ar condicionado e aquecimento\" ><\/span><\/span><\/div><div class=\"content-inner\" ><div class=\"sc-heading article_heading\"><h5 class = \"heading__primary\" >Ar condicionado e aquecimento<\/h5><\/div><\/div><\/div><!--end smicon-box--><\/div><\/div>\t\t<\/div>\n\t\t\t\t<\/div>\n\t\t\t\t\t<\/div>\n\t\t<\/div>\n\t\t\t\t<div class=\"elementor-column elementor-col-16 elementor-top-column elementor-element elementor-element-b6cbae1\" data-id=\"b6cbae1\" data-element_type=\"column\">\n\t\t\t<div class=\"elementor-widget-wrap elementor-element-populated\">\n\t\t\t\t\t\t<div class=\"elementor-element elementor-element-b3399c9 elementor-widget elementor-widget-thim-icon-box\" data-id=\"b3399c9\" data-element_type=\"widget\" data-widget_type=\"thim-icon-box.default\">\n\t\t\t\t<div class=\"elementor-widget-container\">\n\t\t\t<div class=\"inner-box auto-hidden\"><div  class=\"wrapper-box-icon has_custom_image text-center  \" ><div class=\"smicon-box iconbox-top\"><div class=\"boxes-icon\" style=\"width: 80px;height: 80px;\"><span class=\"inner-icon\"><span class=\"icon icon-images\"><img decoding=\"async\" src=\"https:\/\/hotelelcabildo.com\/wp-content\/uploads\/2020\/04\/deposito-equipaje.png\" alt=\"Dep\u00f3sito de bagagem\" title=\"Dep\u00f3sito de bagagem\" ><\/span><\/span><\/div><div class=\"content-inner\" ><div class=\"sc-heading article_heading\"><h5 class = \"heading__primary\" >Dep\u00f3sito de bagagem<\/h5><\/div><\/div><\/div><!--end smicon-box--><\/div><\/div>\t\t<\/div>\n\t\t\t\t<\/div>\n\t\t\t\t\t<\/div>\n\t\t<\/div>\n\t\t\t\t<div class=\"elementor-column elementor-col-16 elementor-top-column elementor-element elementor-element-def87d9\" data-id=\"def87d9\" data-element_type=\"column\">\n\t\t\t<div class=\"elementor-widget-wrap elementor-element-populated\">\n\t\t\t\t\t\t<div class=\"elementor-element elementor-element-9a33688 elementor-widget elementor-widget-thim-icon-box\" data-id=\"9a33688\" data-element_type=\"widget\" data-widget_type=\"thim-icon-box.default\">\n\t\t\t\t<div class=\"elementor-widget-container\">\n\t\t\t<div class=\"inner-box auto-hidden\"><div  class=\"wrapper-box-icon has_custom_image text-center  \" ><div class=\"smicon-box iconbox-top\"><div class=\"boxes-icon\" style=\"width: 80px;height: 80px;\"><span class=\"inner-icon\"><span class=\"icon icon-images\"><img decoding=\"async\" src=\"https:\/\/hotelelcabildo.com\/wp-content\/uploads\/2020\/04\/servicio-despierte.png\" alt=\"Servi\u00e7o de despertar\" title=\"Servi\u00e7o de despertar\" ><\/span><\/span><\/div><div class=\"content-inner\" ><div class=\"sc-heading article_heading\"><h5 class = \"heading__primary\" >Servi\u00e7o de despertador<\/h5><\/div><\/div><\/div><!--end smicon-box--><\/div><\/div>\t\t<\/div>\n\t\t\t\t<\/div>\n\t\t\t\t\t<\/div>\n\t\t<\/div>\n\t\t\t\t<div class=\"elementor-column elementor-col-16 elementor-top-column elementor-element elementor-element-25b49a9\" data-id=\"25b49a9\" data-element_type=\"column\">\n\t\t\t<div class=\"elementor-widget-wrap elementor-element-populated\">\n\t\t\t\t\t\t<div class=\"elementor-element elementor-element-934ee66 elementor-widget elementor-widget-thim-icon-box\" data-id=\"934ee66\" data-element_type=\"widget\" data-widget_type=\"thim-icon-box.default\">\n\t\t\t\t<div class=\"elementor-widget-container\">\n\t\t\t<div class=\"inner-box auto-hidden\"><div  class=\"wrapper-box-icon has_custom_image text-center  \" ><div class=\"smicon-box iconbox-top\"><div class=\"boxes-icon\" style=\"width: 80px;height: 80px;\"><span class=\"inner-icon\"><span class=\"icon icon-images\"><img decoding=\"async\" src=\"https:\/\/hotelelcabildo.com\/wp-content\/uploads\/2020\/04\/personal-bilingue.png\" alt=\"Equipe bil\u00edngue\" title=\"Equipe bil\u00edngue\" ><\/span><\/span><\/div><div class=\"content-inner\" ><div class=\"sc-heading article_heading\"><h5 class = \"heading__primary\" >Pessoal bil\u00edngue<\/h5><\/div><\/div><\/div><!--end smicon-box--><\/div><\/div>\t\t<\/div>\n\t\t\t\t<\/div>\n\t\t\t\t\t<\/div>\n\t\t<\/div>\n\t\t\t\t<div class=\"elementor-column elementor-col-16 elementor-top-column elementor-element elementor-element-1548c5d\" data-id=\"1548c5d\" data-element_type=\"column\">\n\t\t\t<div class=\"elementor-widget-wrap elementor-element-populated\">\n\t\t\t\t\t\t<div class=\"elementor-element elementor-element-7cfe606 elementor-widget elementor-widget-thim-icon-box\" data-id=\"7cfe606\" data-element_type=\"widget\" data-widget_type=\"thim-icon-box.default\">\n\t\t\t\t<div class=\"elementor-widget-container\">\n\t\t\t<div class=\"inner-box auto-hidden\"><div  class=\"wrapper-box-icon has_custom_image text-center  \" ><div class=\"smicon-box iconbox-top\"><div class=\"boxes-icon\" style=\"width: 80px;height: 80px;\"><span class=\"inner-icon\"><span class=\"icon icon-images\"><img decoding=\"async\" src=\"https:\/\/hotelelcabildo.com\/wp-content\/uploads\/2020\/04\/concierge.png\" alt=\"Concierge\" title=\"Concierge\" ><\/span><\/span><\/div><div class=\"content-inner\" ><div class=\"sc-heading article_heading\"><h5 class = \"heading__primary\" >Servi\u00e7o de concierge<\/h5><\/div><\/div><\/div><!--end smicon-box--><\/div><\/div>\t\t<\/div>\n\t\t\t\t<\/div>\n\t\t\t\t\t<\/div>\n\t\t<\/div>\n\t\t\t\t<div class=\"elementor-column elementor-col-16 elementor-top-column elementor-element elementor-element-5f4f32d\" data-id=\"5f4f32d\" data-element_type=\"column\">\n\t\t\t<div class=\"elementor-widget-wrap elementor-element-populated\">\n\t\t\t\t\t\t<div class=\"elementor-element elementor-element-6cd48ff elementor-widget elementor-widget-thim-icon-box\" data-id=\"6cd48ff\" data-element_type=\"widget\" data-widget_type=\"thim-icon-box.default\">\n\t\t\t\t<div class=\"elementor-widget-container\">\n\t\t\t<div class=\"inner-box auto-hidden\"><div  class=\"wrapper-box-icon has_custom_image text-center  \" ><div class=\"smicon-box iconbox-top\"><div class=\"boxes-icon\" style=\"width: 80px;height: 80px;\"><span class=\"inner-icon\"><span class=\"icon icon-images\"><img decoding=\"async\" src=\"https:\/\/hotelelcabildo.com\/wp-content\/uploads\/2020\/04\/computadoras-lobby.png\" alt=\"Computadores no lobby\" title=\"Computadores no lobby\" ><\/span><\/span><\/div><div class=\"content-inner\" ><div class=\"sc-heading article_heading\"><h5 class = \"heading__primary\" >Computadores no lobby<\/h5><\/div><\/div><\/div><!--end smicon-box--><\/div><\/div>\t\t<\/div>\n\t\t\t\t<\/div>\n\t\t\t\t\t<\/div>\n\t\t<\/div>\n\t\t\t\t\t<\/div>\n\t\t<\/section>\n\t\t\t\t<section class=\"elementor-section elementor-top-section elementor-element elementor-element-b45f7d3 elementor-section-boxed elementor-section-height-default elementor-section-height-default\" data-id=\"b45f7d3\" data-element_type=\"section\">\n\t\t\t\t\t\t<div class=\"elementor-container elementor-column-gap-default\">\n\t\t\t\t\t<div class=\"elementor-column elementor-col-16 elementor-top-column elementor-element elementor-element-5af9860\" data-id=\"5af9860\" data-element_type=\"column\">\n\t\t\t<div class=\"elementor-widget-wrap elementor-element-populated\">\n\t\t\t\t\t\t<div class=\"elementor-element elementor-element-e3b5741 elementor-widget elementor-widget-thim-icon-box\" data-id=\"e3b5741\" data-element_type=\"widget\" data-widget_type=\"thim-icon-box.default\">\n\t\t\t\t<div class=\"elementor-widget-container\">\n\t\t\t<div class=\"inner-box auto-hidden\"><div  class=\"wrapper-box-icon has_custom_image text-center  \" ><div class=\"smicon-box iconbox-top\"><div class=\"boxes-icon\" style=\"width: 80px;height: 80px;\"><span class=\"inner-icon\"><span class=\"icon icon-images\"><img decoding=\"async\" src=\"https:\/\/hotelelcabildo.com\/wp-content\/uploads\/2020\/04\/fotocopiadora-fax.png\" alt=\"Servi\u00e7o de fax e fotocopiadora\" title=\"Servi\u00e7o de fax e fotocopiadora\" ><\/span><\/span><\/div><div class=\"content-inner\" ><div class=\"sc-heading article_heading\"><h5 class = \"heading__primary\" >Servi\u00e7o de fax \/ fotocopiadora<\/h5><\/div><\/div><\/div><!--end smicon-box--><\/div><\/div>\t\t<\/div>\n\t\t\t\t<\/div>\n\t\t\t\t\t<\/div>\n\t\t<\/div>\n\t\t\t\t<div class=\"elementor-column elementor-col-16 elementor-top-column elementor-element elementor-element-2431ad3\" data-id=\"2431ad3\" data-element_type=\"column\">\n\t\t\t<div class=\"elementor-widget-wrap elementor-element-populated\">\n\t\t\t\t\t\t<div class=\"elementor-element elementor-element-fd1f8e7 elementor-widget elementor-widget-thim-icon-box\" data-id=\"fd1f8e7\" data-element_type=\"widget\" data-widget_type=\"thim-icon-box.default\">\n\t\t\t\t<div class=\"elementor-widget-container\">\n\t\t\t<div class=\"inner-box auto-hidden\"><div  class=\"wrapper-box-icon has_custom_image text-center  \" ><div class=\"smicon-box iconbox-top\"><div class=\"boxes-icon\" style=\"width: 80px;height: 80px;\"><span class=\"inner-icon\"><span class=\"icon icon-images\"><img decoding=\"async\" src=\"https:\/\/hotelelcabildo.com\/wp-content\/uploads\/2020\/04\/led-tv.png\" alt=\"TV a cabo\" title=\"TV a cabo\" ><\/span><\/span><\/div><div class=\"content-inner\" ><div class=\"sc-heading article_heading\"><h5 class = \"heading__primary\" >TV a cabo<\/h5><\/div><\/div><\/div><!--end smicon-box--><\/div><\/div>\t\t<\/div>\n\t\t\t\t<\/div>\n\t\t\t\t\t<\/div>\n\t\t<\/div>\n\t\t\t\t<div class=\"elementor-column elementor-col-16 elementor-top-column elementor-element elementor-element-a9d530e\" data-id=\"a9d530e\" data-element_type=\"column\">\n\t\t\t<div class=\"elementor-widget-wrap elementor-element-populated\">\n\t\t\t\t\t\t<div class=\"elementor-element elementor-element-84accfa elementor-widget elementor-widget-thim-icon-box\" data-id=\"84accfa\" data-element_type=\"widget\" data-widget_type=\"thim-icon-box.default\">\n\t\t\t\t<div class=\"elementor-widget-container\">\n\t\t\t<div class=\"inner-box auto-hidden\"><div  class=\"wrapper-box-icon has_custom_image text-center  \" ><div class=\"smicon-box iconbox-top\"><div class=\"boxes-icon\" style=\"width: 80px;height: 80px;\"><span class=\"inner-icon\"><span class=\"icon icon-images\"><img decoding=\"async\" src=\"https:\/\/hotelelcabildo.com\/wp-content\/uploads\/2020\/04\/telefonia-local-internacional.png\" alt=\"Telefonia local e internacional\" title=\"Telefonia local e internacional\" ><\/span><\/span><\/div><div class=\"content-inner\" ><div class=\"sc-heading article_heading\"><h5 class = \"heading__primary\" >Telefonia local e internacional<\/h5><\/div><\/div><\/div><!--end smicon-box--><\/div><\/div>\t\t<\/div>\n\t\t\t\t<\/div>\n\t\t\t\t\t<\/div>\n\t\t<\/div>\n\t\t\t\t<div class=\"elementor-column elementor-col-16 elementor-top-column elementor-element elementor-element-9b01a36\" data-id=\"9b01a36\" data-element_type=\"column\">\n\t\t\t<div class=\"elementor-widget-wrap elementor-element-populated\">\n\t\t\t\t\t\t<div class=\"elementor-element elementor-element-db6d098 elementor-widget elementor-widget-thim-icon-box\" data-id=\"db6d098\" data-element_type=\"widget\" data-widget_type=\"thim-icon-box.default\">\n\t\t\t\t<div class=\"elementor-widget-container\">\n\t\t\t<div class=\"inner-box auto-hidden\"><div  class=\"wrapper-box-icon has_custom_image text-center  \" ><div class=\"smicon-box iconbox-top\"><div class=\"boxes-icon\" style=\"width: 80px;height: 80px;\"><span class=\"inner-icon\"><span class=\"icon icon-images\"><img decoding=\"async\" src=\"https:\/\/hotelelcabildo.com\/wp-content\/uploads\/2020\/04\/wifi.png\" alt=\"Internet Wi-Fi\" title=\"Internet Wi-Fi\" ><\/span><\/span><\/div><div class=\"content-inner\" ><div class=\"sc-heading article_heading\"><h5 class = \"heading__primary\" >Internet Wi-Fi nos quartos e nas \u00e1reas p\u00fablicas<\/h5><\/div><\/div><\/div><!--end smicon-box--><\/div><\/div>\t\t<\/div>\n\t\t\t\t<\/div>\n\t\t\t\t\t<\/div>\n\t\t<\/div>\n\t\t\t\t<div class=\"elementor-column elementor-col-16 elementor-top-column elementor-element elementor-element-1521b2a\" data-id=\"1521b2a\" data-element_type=\"column\">\n\t\t\t<div class=\"elementor-widget-wrap elementor-element-populated\">\n\t\t\t\t\t\t<div class=\"elementor-element elementor-element-9e3eb8a elementor-widget elementor-widget-thim-icon-box\" data-id=\"9e3eb8a\" data-element_type=\"widget\" data-widget_type=\"thim-icon-box.default\">\n\t\t\t\t<div class=\"elementor-widget-container\">\n\t\t\t<div class=\"inner-box auto-hidden\"><div  class=\"wrapper-box-icon has_custom_image text-center  \" ><div class=\"smicon-box iconbox-top\"><div class=\"boxes-icon\" style=\"width: 80px;height: 80px;\"><span class=\"inner-icon\"><span class=\"icon icon-images\"><img decoding=\"async\" src=\"https:\/\/hotelelcabildo.com\/wp-content\/uploads\/2020\/04\/reception-bell.png\" alt=\"Recep\u00e7\u00e3o\" title=\"Recep\u00e7\u00e3o\" ><\/span><\/span><\/div><div class=\"content-inner\" ><div class=\"sc-heading article_heading\"><h5 class = \"heading__primary\" >Front desk<br>24 horas<\/h5><\/div><\/div><\/div><!--end smicon-box--><\/div><\/div>\t\t<\/div>\n\t\t\t\t<\/div>\n\t\t\t\t\t<\/div>\n\t\t<\/div>\n\t\t\t\t<div class=\"elementor-column elementor-col-16 elementor-top-column elementor-element elementor-element-ed34acc\" data-id=\"ed34acc\" data-element_type=\"column\">\n\t\t\t<div class=\"elementor-widget-wrap elementor-element-populated\">\n\t\t\t\t\t\t<div class=\"elementor-element elementor-element-ecce0b3 elementor-widget elementor-widget-thim-icon-box\" data-id=\"ecce0b3\" data-element_type=\"widget\" data-widget_type=\"thim-icon-box.default\">\n\t\t\t\t<div class=\"elementor-widget-container\">\n\t\t\t<div class=\"inner-box auto-hidden\"><div  class=\"wrapper-box-icon has_custom_image text-center  \" ><div class=\"smicon-box iconbox-top\"><div class=\"boxes-icon\" style=\"width: 80px;height: 80px;\"><span class=\"inner-icon\"><span class=\"icon icon-images\"><img decoding=\"async\" src=\"https:\/\/hotelelcabildo.com\/wp-content\/uploads\/2020\/04\/parking.png\" alt=\"Estacionamento\" title=\"Estacionamento\" ><\/span><\/span><\/div><div class=\"content-inner\" ><div class=\"sc-heading article_heading\"><h5 class = \"heading__primary\" >\nN\u00e3o temos estacionamento pr\u00f3prio.\nEstacionamento nas proximidades<\/h5><\/div><\/div><\/div><!--end smicon-box--><\/div><\/div>\t\t<\/div>\n\t\t\t\t<\/div>\n\t\t\t\t\t<\/div>\n\t\t<\/div>\n\t\t\t\t\t<\/div>\n\t\t<\/section>\n\t\t\t\t<section class=\"elementor-section elementor-top-section elementor-element elementor-element-6c42436 elementor-section-boxed elementor-section-height-default elementor-section-height-default\" data-id=\"6c42436\" data-element_type=\"section\">\n\t\t\t\t\t\t<div class=\"elementor-container elementor-column-gap-default\">\n\t\t\t\t\t<div class=\"elementor-column elementor-col-16 elementor-top-column elementor-element elementor-element-6104714\" data-id=\"6104714\" data-element_type=\"column\">\n\t\t\t<div class=\"elementor-widget-wrap elementor-element-populated\">\n\t\t\t\t\t\t<div class=\"elementor-element elementor-element-cb383d8 elementor-widget elementor-widget-thim-icon-box\" data-id=\"cb383d8\" data-element_type=\"widget\" data-widget_type=\"thim-icon-box.default\">\n\t\t\t\t<div class=\"elementor-widget-container\">\n\t\t\t<div class=\"inner-box auto-hidden\"><div  class=\"wrapper-box-icon has_custom_image text-center  \" ><div class=\"smicon-box iconbox-top\"><div class=\"boxes-icon\" style=\"width: 80px;height: 80px;\"><span class=\"inner-icon\"><span class=\"icon icon-images\"><img decoding=\"async\" src=\"https:\/\/hotelelcabildo.com\/wp-content\/uploads\/2020\/04\/pase-microcentro.png\" alt=\"Passagem de ve\u00edculos para o microcentro\" title=\"Passagem de ve\u00edculos para o microcentro\" ><\/span><\/span><\/div><div class=\"content-inner\" ><div class=\"sc-heading article_heading\"><h5 class = \"heading__primary\" >Passe para o microcentro para ve\u00edculos<\/h5><\/div><\/div><\/div><!--end smicon-box--><\/div><\/div>\t\t<\/div>\n\t\t\t\t<\/div>\n\t\t\t\t\t<\/div>\n\t\t<\/div>\n\t\t\t\t<div class=\"elementor-column elementor-col-16 elementor-top-column elementor-element elementor-element-7f81d5a\" data-id=\"7f81d5a\" data-element_type=\"column\">\n\t\t\t<div class=\"elementor-widget-wrap elementor-element-populated\">\n\t\t\t\t\t\t<div class=\"elementor-element elementor-element-e3e7d4a elementor-widget elementor-widget-thim-icon-box\" data-id=\"e3e7d4a\" data-element_type=\"widget\" data-widget_type=\"thim-icon-box.default\">\n\t\t\t\t<div class=\"elementor-widget-container\">\n\t\t\t<div class=\"inner-box auto-hidden\"><div  class=\"wrapper-box-icon has_custom_image text-center  \" ><div class=\"smicon-box iconbox-top\"><div class=\"boxes-icon\" style=\"width: 80px;height: 80px;\"><span class=\"inner-icon\"><span class=\"icon icon-images\"><img decoding=\"async\" src=\"https:\/\/hotelelcabildo.com\/wp-content\/uploads\/2020\/04\/coffe-cup-1-e1590794748811.png\" alt=\"Caf\u00e9 da manh\u00e3 continental\" title=\"Caf\u00e9 da manh\u00e3 continental\" ><\/span><\/span><\/div><div class=\"content-inner\" ><div class=\"sc-heading article_heading\"><h5 class = \"heading__primary\" >Caf\u00e9 da manh\u00e3 continental<\/h5><\/div><\/div><\/div><!--end smicon-box--><\/div><\/div>\t\t<\/div>\n\t\t\t\t<\/div>\n\t\t\t\t\t<\/div>\n\t\t<\/div>\n\t\t\t\t<div class=\"elementor-column elementor-col-16 elementor-top-column elementor-element elementor-element-d46a1c9\" data-id=\"d46a1c9\" data-element_type=\"column\">\n\t\t\t<div class=\"elementor-widget-wrap elementor-element-populated\">\n\t\t\t\t\t\t<div class=\"elementor-element elementor-element-18c7565 elementor-widget elementor-widget-thim-icon-box\" data-id=\"18c7565\" data-element_type=\"widget\" data-widget_type=\"thim-icon-box.default\">\n\t\t\t\t<div class=\"elementor-widget-container\">\n\t\t\t<div class=\"inner-box auto-hidden\"><div  class=\"wrapper-box-icon has_custom_image text-center  \" ><div class=\"smicon-box iconbox-top\"><div class=\"boxes-icon\" style=\"width: 80px;height: 80px;\"><span class=\"inner-icon\"><span class=\"icon icon-images\"><img decoding=\"async\" src=\"https:\/\/hotelelcabildo.com\/wp-content\/uploads\/2020\/04\/servicio-transfer.png\" alt=\"Servi\u00e7o de transporte\" title=\"Servi\u00e7o de transporte\" ><\/span><\/span><\/div><div class=\"content-inner\" ><div class=\"sc-heading article_heading\"><h5 class = \"heading__primary\" >Servi\u00e7o de transporte<\/h5><\/div><\/div><\/div><!--end smicon-box--><\/div><\/div>\t\t<\/div>\n\t\t\t\t<\/div>\n\t\t\t\t\t<\/div>\n\t\t<\/div>\n\t\t\t\t<div class=\"elementor-column elementor-col-16 elementor-top-column elementor-element elementor-element-25f677d\" data-id=\"25f677d\" data-element_type=\"column\">\n\t\t\t<div class=\"elementor-widget-wrap elementor-element-populated\">\n\t\t\t\t\t\t<div class=\"elementor-element elementor-element-5e69dde elementor-widget elementor-widget-thim-icon-box\" data-id=\"5e69dde\" data-element_type=\"widget\" data-widget_type=\"thim-icon-box.default\">\n\t\t\t\t<div class=\"elementor-widget-container\">\n\t\t\t<div class=\"inner-box auto-hidden\"><div  class=\"wrapper-box-icon has_custom_image text-center  \" ><div class=\"smicon-box iconbox-top\"><div class=\"boxes-icon\" style=\"width: 80px;height: 80px;\"><span class=\"inner-icon\"><span class=\"icon icon-images\"><img decoding=\"async\" src=\"https:\/\/hotelelcabildo.com\/wp-content\/uploads\/2020\/04\/ascensores.png\" alt=\"Elevador\" title=\"Elevador\" ><\/span><\/span><\/div><div class=\"content-inner\" ><div class=\"sc-heading article_heading\"><h5 class = \"heading__primary\" >Elevador<\/h5><\/div><\/div><\/div><!--end smicon-box--><\/div><\/div>\t\t<\/div>\n\t\t\t\t<\/div>\n\t\t\t\t\t<\/div>\n\t\t<\/div>\n\t\t\t\t<div class=\"elementor-column elementor-col-16 elementor-top-column elementor-element elementor-element-b2dafd1\" data-id=\"b2dafd1\" data-element_type=\"column\">\n\t\t\t<div class=\"elementor-widget-wrap elementor-element-populated\">\n\t\t\t\t\t\t<div class=\"elementor-element elementor-element-6522070 elementor-widget elementor-widget-thim-icon-box\" data-id=\"6522070\" data-element_type=\"widget\" data-widget_type=\"thim-icon-box.default\">\n\t\t\t\t<div class=\"elementor-widget-container\">\n\t\t\t<div class=\"inner-box auto-hidden\"><div  class=\"wrapper-box-icon has_custom_image text-center  \" ><div class=\"smicon-box iconbox-top\"><div class=\"boxes-icon\" style=\"width: 80px;height: 80px;\"><span class=\"inner-icon\"><span class=\"icon icon-images\"><img decoding=\"async\" src=\"https:\/\/hotelelcabildo.com\/wp-content\/uploads\/2020\/04\/minibar.png\" alt=\"Frigobar\" title=\"Frigobar\" ><\/span><\/span><\/div><div class=\"content-inner\" ><div class=\"sc-heading article_heading\"><h5 class = \"heading__primary\" >Frigobar<\/h5><\/div><\/div><\/div><!--end smicon-box--><\/div><\/div>\t\t<\/div>\n\t\t\t\t<\/div>\n\t\t\t\t\t<\/div>\n\t\t<\/div>\n\t\t\t\t<div class=\"elementor-column elementor-col-16 elementor-top-column elementor-element elementor-element-8d9c62c\" data-id=\"8d9c62c\" data-element_type=\"column\">\n\t\t\t<div class=\"elementor-widget-wrap elementor-element-populated\">\n\t\t\t\t\t\t<div class=\"elementor-element elementor-element-13e1cf8 elementor-widget elementor-widget-thim-icon-box\" data-id=\"13e1cf8\" data-element_type=\"widget\" data-widget_type=\"thim-icon-box.default\">\n\t\t\t\t<div class=\"elementor-widget-container\">\n\t\t\t<div class=\"inner-box auto-hidden\"><div  class=\"wrapper-box-icon has_custom_image text-center  \" ><div class=\"smicon-box iconbox-top\"><div class=\"boxes-icon\" style=\"width: 80px;height: 80px;\"><span class=\"inner-icon\"><span class=\"icon icon-images\"><img decoding=\"async\" src=\"https:\/\/hotelelcabildo.com\/wp-content\/uploads\/2020\/04\/shampoo.png\" alt=\"Artigos de higiene\" title=\"Artigos de higiene\" ><\/span><\/span><\/div><div class=\"content-inner\" ><div class=\"sc-heading article_heading\"><h5 class = \"heading__primary\" >Artigos de higiene<\/h5><\/div><\/div><\/div><!--end smicon-box--><\/div><\/div>\t\t<\/div>\n\t\t\t\t<\/div>\n\t\t\t\t\t<\/div>\n\t\t<\/div>\n\t\t\t\t\t<\/div>\n\t\t<\/section>\n\t\t\t\t<\/div>\n\t\t","protected":false},"excerpt":{"rendered":"<p>Um lugar projetado para o seu bem-estar enquanto desfruta de merecidas f\u00e9rias, reuni\u00f5es de neg\u00f3cios ou estudos acad\u00eamicos.A equipe do hotel est\u00e1 ao seu dispor para colaborar em tudo que voc\u00ea precisa.<\/p>\n<p>Ar condicionado e aquecimento<\/p>\n<p>\nDep\u00f3sito de bagagem<\/p>\n<p>\nServi\u00e7o de despertador<\/p>\n<p>\nPessoal bil\u00edngue<\/p>\n<p>\nServi\u00e7o de <\/p>\n","protected":false},"author":1,"featured_media":6514,"parent":0,"menu_order":0,"comment_status":"closed","ping_status":"closed","template":"","meta":{"_joinchat":[],"footnotes":""},"class_list":["post-4765","page","type-page","status-publish","has-post-thumbnail","hentry"],"_links":{"self":[{"href":"https:\/\/hotelelcabildo.com\/index.php\/wp-json\/wp\/v2\/pages\/4765"}],"collection":[{"href":"https:\/\/hotelelcabildo.com\/index.php\/wp-json\/wp\/v2\/pages"}],"about":[{"href":"https:\/\/hotelelcabildo.com\/index.php\/wp-json\/wp\/v2\/types\/page"}],"author":[{"embeddable":true,"href":"https:\/\/hotelelcabildo.com\/index.php\/wp-json\/wp\/v2\/users\/1"}],"replies":[{"embeddable":true,"href":"https:\/\/hotelelcabildo.com\/index.php\/wp-json\/wp\/v2\/comments?post=4765"}],"version-history":[{"count":0,"href":"https:\/\/hotelelcabildo.com\/index.php\/wp-json\/wp\/v2\/pages\/4765\/revisions"}],"wp:featuredmedia":[{"embeddable":true,"href":"https:\/\/hotelelcabildo.com\/index.php\/wp-json\/wp\/v2\/media\/6514"}],"wp:attachment":[{"href":"https:\/\/hotelelcabildo.com\/index.php\/wp-json\/wp\/v2\/media?parent=4765"}],"curies":[{"name":"wp","href":"https:\/\/api.w.org\/{rel}","templated":true}]}}